{"id":2316,"date":"2019-05-07T13:03:13","date_gmt":"2019-05-07T13:03:13","guid":{"rendered":"http:\/\/tabula.omnicom-dev.com\/sunny\/?page_id=2316"},"modified":"2021-09-02T16:31:53","modified_gmt":"2021-09-02T14:31:53","slug":"generales-ingles","status":"publish","type":"page","link":"https:\/\/www.nativelearn.com\/online\/cursos\/generales-ingles\/","title":{"rendered":"Cursos generales ingl\u00e9s online"},"content":{"rendered":"<p><section id=\"bt_bb_section69fca881917ff\"  class=\"bt_bb_section bt_bb_layout_boxed_1200 bt_bb_vertical_align_top bt_bb_top_spacing_large bt_bb_bottom_spacing_medium\"  data-bt-override-class=\"null\"><div class=\"bt_bb_port\"><div class=\"bt_bb_cell\"><div class=\"bt_bb_cell_inner\"><div class=\"bt_bb_row  bt_bb_column_gap_0 bt_bb_shape_inherit\" style=\"; --column-gap:0px;\" data-bt-override-class=\"{}\"><div class=\"bt_bb_row_holder\" ><div  class=\"bt_bb_column col-xxl-12 col-xl-12 bt_bb_vertical_align_bottom bt_bb_align_left bt_bb_padding_normal bt_bb_animation_fade_in animate bt_bb_shape_inherit\" style=\"; --column-width:12;\" data-width=\"12\" data-bt-override-class=\"{}\"><div class=\"bt_bb_column_content\"><div class=\"bt_bb_column_content_inner\"><header class=\"bt_bb_headline bt_bb_dash_top_bottom bt_bb_size_large bt_bb_align_inherit\" data-bt-override-class=\"{}\"><h3 class=\"bt_bb_headline_tag\"><span class=\"bt_bb_headline_content\"><span>Cursos de ingl\u00e9s online Generales<\/span><\/span><\/h3><\/header><div class=\"bt_bb_separator bt_bb_border_style_none bt_bb_bottom_spacing_100\" data-bt-override-class=\"null\"><\/div><\/div><\/div><\/div><\/div><\/div><div class=\"bt_bb_row  bt_bb_column_gap_30 bt_bb_shape_inherit\" style=\"; --column-gap:30px;\" data-bt-override-class=\"{}\"><div class=\"bt_bb_row_holder\" ><div  class=\"bt_bb_column col-xxl-6 col-xl-6 bt_bb_vertical_align_top bt_bb_align_left bt_bb_padding_normal bt_bb_animation_fade_in animate bt_bb_shape_inherit\" style=\"; --column-width:6;\" data-width=\"6\" data-bt-override-class=\"{}\"><div class=\"bt_bb_column_content\"><div class=\"bt_bb_column_content_inner\"><div  class=\"bt_bb_text\" ><\/p>\n<p>Nuestros cursos de ingl\u00e9s m\u00e1s demandados. Olv\u00eddate de las academias y de perder tiempo yendo y viniendo. Un completo curso anual de ingl\u00e9s que incluye 2 clases semanales online. En cada clase, los alumnos disfrutan de actividades l\u00fadicas, juegos para practicar vocabulario, gram\u00e1tica, realizan ejercicios de listening, reading, speaking y writing y consiguen mejorar su ingl\u00e9s de una manera eficaz y divertida.<\/p>\n<p>Disponemos de grupos homog\u00e9neos por edad y por curso acad\u00e9mico: Infantil, Primaria, ESO, Bachillerato y adultos, y ofrecemos 3 opciones de horario cada tarde, pudiendo elegir clases los lunes-mi\u00e9rcoles o los martes-jueves, en mini-grupos (m\u00e1ximo 6 alumnos) o grupos (m\u00e1ximo 12 alumnos).<\/p>\n<p>Todas las clases son impartidas por profesorado nativo ingl\u00e9s especializado. Nuestro curso incluye el material necesario en papel para el alumno (se env\u00eda a casa del alumno), as\u00ed como una licencia de acceso a la plataforma digital para cada alumno.<\/p>\n<p>Realizaremos al alumno una prueba de nivel inicial para garantizar que est\u00e1 en el grupo adecuado para su nivel y edad.<\/p>\n<p>\n<\/div><div class=\"bt_bb_separator bt_bb_border_style_none bt_bb_bottom_spacing_medium\" data-bt-override-class=\"null\"><\/div><\/div><\/div><\/div><div  class=\"bt_bb_column col-xxl-6 col-xl-6 bt_bb_vertical_align_top bt_bb_align_left bt_bb_padding_normal bt_bb_animation_fade_in animate bt_bb_shape_inherit\" style=\"; --column-width:6;\" data-width=\"6\" data-bt-override-class=\"{}\"><div class=\"bt_bb_column_content\"><div class=\"bt_bb_column_content_inner\"><div class=\"bt_bb_accordion bt_bb_color_scheme_3 bt_bb_style_simple bt_bb_shape_square\" style=\"; --accordion-primary-color:#ff1f1f; --accordion-secondary-color:#191919;\" data-closed=closed><div class=\"bt_bb_accordion_item btWithIcon\"><div class=\"bt_bb_accordion_item_title_content\"><span  data-ico-artistic=\"&#xf128;\" class=\"bt_bb_icon_holder\"><\/span><div class=\"bt_bb_accordion_item_title\">CLASES ONLINE<\/div><\/div><div class=\"bt_bb_accordion_item_content\"><div  class=\"bt_bb_text\" >\n<p>Los alumnos pueden conectarse desde cualquier dispositivo, utilizando el micr\u00f3fono y su c\u00e1mara para interactuar con el profesor y con el resto de sus compa\u00f1eros en el grupo<\/p>\n<\/div>\n<\/div><\/div><div class=\"bt_bb_accordion_item btWithIcon\"><div class=\"bt_bb_accordion_item_title_content\"><span  data-ico-fontawesome=\"&#xf0e6;\" class=\"bt_bb_icon_holder\"><\/span><div class=\"bt_bb_accordion_item_title\">ENFOQUE EN HABLAR Y PRACTICAR<\/div><\/div><div class=\"bt_bb_accordion_item_content\"><div  class=\"bt_bb_text\" >\n<p>Nuestras clases son muy participativas: los alumnos deben hablar, escuchar y practicar el idioma ingl\u00e9s de una manera activa. D\u00ed adi\u00f3s a las aburridas fichas de ejercicios.<\/p>\n<\/div>\n<\/div><\/div><div class=\"bt_bb_accordion_item btWithIcon\"><div class=\"bt_bb_accordion_item_title_content\"><span  data-ico-essential=\"&#xea78;\" class=\"bt_bb_icon_holder\"><\/span><div class=\"bt_bb_accordion_item_title\">PROFESORADO NATIVO<\/div><\/div><div class=\"bt_bb_accordion_item_content\"><div  class=\"bt_bb_text\" >\n<p>Todos nuestros profesores son exclusivamente nativos de habla inglesa. Los alumnos aprenden a escuchar y pronunciar el acento real ingl\u00e9s.<\/p>\n<\/div>\n<\/div><\/div><\/div><div class=\"bt_bb_separator bt_bb_border_style_none bt_bb_bottom_spacing_medium\" data-bt-override-class=\"null\"><\/div><\/div><\/div><\/div><\/div><\/div><div class=\"bt_bb_row  bt_bb_column_gap_0 bt_bb_shape_square\" style=\"; --column-gap:0px;\" data-bt-override-class=\"{}\"><div class=\"bt_bb_row_holder\" ><div  class=\"bt_bb_column col-xxl-12 col-xl-12 bt_bb_vertical_align_top bt_bb_align_left bt_bb_padding_normal bt_bb_shape_inherit\" style=\"; --column-width:12;\" data-width=\"12\" data-bt-override-class=\"{}\"><div class=\"bt_bb_column_content\"><div class=\"bt_bb_column_content_inner\"><header class=\"bt_bb_headline bt_bb_color_scheme_5 bt_bb_dash_none bt_bb_size_normal bt_bb_align_left bt_bb_dash_color_scheme_4\" style=\"; --primary-color:#191919; --secondary-color:#ff1f1f;\" data-bt-override-class=\"{}\"><h2 class=\"bt_bb_headline_tag\"><span class=\"bt_bb_headline_content\"><span>Elige uno de los diferentes horarios disponibles<\/span><\/span><\/h2><\/header><div class=\"bt_bb_separator bt_bb_border_style_none bt_bb_top_spacing_normal\" data-bt-override-class=\"null\"><\/div><\/div><\/div><\/div><\/div><\/div><div class=\"bt_bb_row  bt_bb_column_gap_30\" style=\"; --column-gap:30px;\" data-bt-override-class=\"{}\"><div class=\"bt_bb_row_holder\" ><div  class=\"bt_bb_column col-xxl-4 col-xl-4 bt_bb_vertical_align_top bt_bb_align_left bt_bb_padding_normal bt_bb_animation_fade_in animate bt_bb_shape_inherit\" style=\"; --column-width:4;\" data-width=\"4\" data-bt-override-class=\"{}\"><div class=\"bt_bb_column_content\"><div class=\"bt_bb_column_content_inner\"><div class=\"bt_bb_schedule btHasBgImage\"><div class=\"bt_bb_schedule_title_flex\" style = \"background-image:url('https:\/\/www.nativelearn.com\/online\/wp-content\/uploads\/organic_background_3.png')\"><div class=\"bt_bb_schedule_supertitle\">INGL\u00c9S GENERAL<\/div><div class=\"bt_bb_schedule_title\">Infantil (3-5 a\u00f1os)<\/div><\/div><div class=\"bt_bb_schedule_content\"><div class=\"bt_bb_schedule_inner_row\" data-day=\"SAT\"><div class=\"bt_bb_schedule_day\"><span class=\"bt_bb_schedule_week_day\">GEN-INF-A<\/span><span class=\"bt_bb_schedule_inner_location\">Grupos para cada curso Inf<\/span><\/div><div class=\"bt_bb_schedule_time\"><span class=\"bt_bb_schedule_hours\">L-X 17:00-17:50<\/span><span class=\"bt_bb_schedule_inner_desc\">Ingl\u00e9s General<\/span><\/div><\/div><div class=\"bt_bb_schedule_inner_row\" data-day=\"SAT\"><div class=\"bt_bb_schedule_day\"><span class=\"bt_bb_schedule_week_day\">GEN-INF-A<\/span><span class=\"bt_bb_schedule_inner_location\">Grupos para cada curso Inf<\/span><\/div><div class=\"bt_bb_schedule_time\"><span class=\"bt_bb_schedule_hours\">L-X 18:00-18:50<\/span><span class=\"bt_bb_schedule_inner_desc\">Ingl\u00e9s General<\/span><\/div><\/div><div class=\"bt_bb_schedule_inner_row\" data-day=\"SAT\"><div class=\"bt_bb_schedule_day\"><span class=\"bt_bb_schedule_week_day\">GEN-INF-B<\/span><span class=\"bt_bb_schedule_inner_location\">Grupos para cada curso Inf<\/span><\/div><div class=\"bt_bb_schedule_time\"><span class=\"bt_bb_schedule_hours\">L-X 19:00-19:50<\/span><span class=\"bt_bb_schedule_inner_desc\">Ingl\u00e9s General<\/span><\/div><\/div><div class=\"bt_bb_schedule_inner_row\" data-day=\"SAT\"><div class=\"bt_bb_schedule_day\"><span class=\"bt_bb_schedule_week_day\">GEN-INF-A<\/span><span class=\"bt_bb_schedule_inner_location\">Grupos para cada curso Inf<\/span><\/div><div class=\"bt_bb_schedule_time\"><span class=\"bt_bb_schedule_hours\">M-J 17:00-17:50<\/span><span class=\"bt_bb_schedule_inner_desc\">Ingl\u00e9s General<\/span><\/div><\/div><div class=\"bt_bb_schedule_inner_row\" data-day=\"SAT\"><div class=\"bt_bb_schedule_day\"><span class=\"bt_bb_schedule_week_day\">GEN-INF-D<\/span><span class=\"bt_bb_schedule_inner_location\">Grupos para cada curso Inf<\/span><\/div><div class=\"bt_bb_schedule_time\"><span class=\"bt_bb_schedule_hours\">M-J 18:00-18:50<\/span><span class=\"bt_bb_schedule_inner_desc\">Ingl\u00e9s General<\/span><\/div><\/div><div class=\"bt_bb_schedule_inner_row\" data-day=\"SAT\"><div class=\"bt_bb_schedule_day\"><span class=\"bt_bb_schedule_week_day\">GEN-INF-E<\/span><span class=\"bt_bb_schedule_inner_location\">Grupos para cada curso Inf<\/span><\/div><div class=\"bt_bb_schedule_time\"><span class=\"bt_bb_schedule_hours\">M-J 19:00-19:50<\/span><span class=\"bt_bb_schedule_inner_desc\">Ingl\u00e9s General<\/span><\/div><\/div><\/div><\/div><div class=\"bt_bb_separator bt_bb_border_style_none bt_bb_bottom_spacing_medium\" data-bt-override-class=\"null\"><\/div><\/div><\/div><\/div><div  class=\"bt_bb_column col-xxl-4 col-xl-4 bt_bb_vertical_align_top bt_bb_align_left bt_bb_padding_normal bt_bb_animation_fade_in animate\" style=\"; --column-width:4;\" data-width=\"4\" data-bt-override-class=\"{}\"><div class=\"bt_bb_column_content\"><div class=\"bt_bb_column_content_inner\"><div class=\"bt_bb_schedule btHasBgImage\"><div class=\"bt_bb_schedule_title_flex\" style = \"background-image:url('https:\/\/www.nativelearn.com\/online\/wp-content\/uploads\/organic_background_5.png')\"><div class=\"bt_bb_schedule_supertitle\">INGL\u00c9S GENERAL<\/div><div class=\"bt_bb_schedule_title\">Primaria (6-12 a\u00f1os)<\/div><\/div><div class=\"bt_bb_schedule_content\"><div class=\"bt_bb_schedule_inner_row\" data-day=\"SAT\"><div class=\"bt_bb_schedule_day\"><span class=\"bt_bb_schedule_week_day\">GEN-PRIM-A<\/span><span class=\"bt_bb_schedule_inner_location\">Grupos para cada curso Prim<\/span><\/div><div class=\"bt_bb_schedule_time\"><span class=\"bt_bb_schedule_hours\">L-X 17:00-17:50<\/span><span class=\"bt_bb_schedule_inner_desc\">Ingl\u00e9s General<\/span><\/div><\/div><div class=\"bt_bb_schedule_inner_row\" data-day=\"SAT\"><div class=\"bt_bb_schedule_day\"><span class=\"bt_bb_schedule_week_day\">GEN-PRIM-A<\/span><span class=\"bt_bb_schedule_inner_location\">Grupos para cada curso Prim<\/span><\/div><div class=\"bt_bb_schedule_time\"><span class=\"bt_bb_schedule_hours\">L-X 18:00-18:50<\/span><span class=\"bt_bb_schedule_inner_desc\">Ingl\u00e9s General<\/span><\/div><\/div><div class=\"bt_bb_schedule_inner_row\" data-day=\"SAT\"><div class=\"bt_bb_schedule_day\"><span class=\"bt_bb_schedule_week_day\">GEN-PRIM-B<\/span><span class=\"bt_bb_schedule_inner_location\">Grupos para cada curso Prim<\/span><\/div><div class=\"bt_bb_schedule_time\"><span class=\"bt_bb_schedule_hours\">L-X 19:00-19:50<\/span><span class=\"bt_bb_schedule_inner_desc\">Ingl\u00e9s General<\/span><\/div><\/div><div class=\"bt_bb_schedule_inner_row\" data-day=\"SAT\"><div class=\"bt_bb_schedule_day\"><span class=\"bt_bb_schedule_week_day\">GEN-PRIM-D<\/span><span class=\"bt_bb_schedule_inner_location\">Grupos para cada curso Prim<\/span><\/div><div class=\"bt_bb_schedule_time\"><span class=\"bt_bb_schedule_hours\">M-J 17:00-17:50<\/span><span class=\"bt_bb_schedule_inner_desc\">Ingl\u00e9s General<\/span><\/div><\/div><div class=\"bt_bb_schedule_inner_row\" data-day=\"SAT\"><div class=\"bt_bb_schedule_day\"><span class=\"bt_bb_schedule_week_day\">GEN-PRIM-D<\/span><span class=\"bt_bb_schedule_inner_location\">Grupos para cada curso Prim<\/span><\/div><div class=\"bt_bb_schedule_time\"><span class=\"bt_bb_schedule_hours\">M-J 18:00-18:50<\/span><span class=\"bt_bb_schedule_inner_desc\">Ingl\u00e9s General<\/span><\/div><\/div><div class=\"bt_bb_schedule_inner_row\" data-day=\"SAT\"><div class=\"bt_bb_schedule_day\"><span class=\"bt_bb_schedule_week_day\">GEN-PRIM-E<\/span><span class=\"bt_bb_schedule_inner_location\">Grupos para cada curso Prim<\/span><\/div><div class=\"bt_bb_schedule_time\"><span class=\"bt_bb_schedule_hours\">M-J 19:00-19:50<\/span><span class=\"bt_bb_schedule_inner_desc\">Ingl\u00e9s General<\/span><\/div><\/div><\/div><\/div><div class=\"bt_bb_separator bt_bb_border_style_none bt_bb_bottom_spacing_medium\" data-bt-override-class=\"null\"><\/div><\/div><\/div><\/div><div  class=\"bt_bb_column col-xxl-4 col-xl-4 bt_bb_vertical_align_top bt_bb_align_left bt_bb_padding_normal bt_bb_animation_fade_in animate bt_bb_shape_inherit\" style=\"; --column-width:4;\" data-width=\"4\" data-bt-override-class=\"{}\"><div class=\"bt_bb_column_content\"><div class=\"bt_bb_column_content_inner\"><div class=\"bt_bb_schedule btHasBgImage\"><div class=\"bt_bb_schedule_title_flex\" style = \"background-image:url('https:\/\/www.nativelearn.com\/online\/wp-content\/uploads\/organic_background_4.png')\"><div class=\"bt_bb_schedule_supertitle\">INGL\u00c9S GENERAL<\/div><div class=\"bt_bb_schedule_title\">ESO-Bach (12-18)<\/div><\/div><div class=\"bt_bb_schedule_content\"><div class=\"bt_bb_schedule_inner_row\" data-day=\"SAT\"><div class=\"bt_bb_schedule_day\"><span class=\"bt_bb_schedule_week_day\">GEN-SEC-A<\/span><span class=\"bt_bb_schedule_inner_location\">Grupos por curso ESO\/Bach<\/span><\/div><div class=\"bt_bb_schedule_time\"><span class=\"bt_bb_schedule_hours\">L-X 18:00-18:50<\/span><span class=\"bt_bb_schedule_inner_desc\">Ingl\u00e9s General<\/span><\/div><\/div><div class=\"bt_bb_schedule_inner_row\" data-day=\"SAT\"><div class=\"bt_bb_schedule_day\"><span class=\"bt_bb_schedule_week_day\">GEN-SEC-B<\/span><span class=\"bt_bb_schedule_inner_location\">Grupos por curso ESO\/Bach<\/span><\/div><div class=\"bt_bb_schedule_time\"><span class=\"bt_bb_schedule_hours\">L-X 19:00-19:50<\/span><span class=\"bt_bb_schedule_inner_desc\">Ingl\u00e9s General<\/span><\/div><\/div><div class=\"bt_bb_schedule_inner_row\" data-day=\"SAT\"><div class=\"bt_bb_schedule_day\"><span class=\"bt_bb_schedule_week_day\">GEN-SEC-C<\/span><span class=\"bt_bb_schedule_inner_location\">Grupos por curso ESO\/Bach<\/span><\/div><div class=\"bt_bb_schedule_time\"><span class=\"bt_bb_schedule_hours\">M-J 18:00-18:50<\/span><span class=\"bt_bb_schedule_inner_desc\">Ingl\u00e9s General<\/span><\/div><\/div><div class=\"bt_bb_schedule_inner_row\" data-day=\"SAT\"><div class=\"bt_bb_schedule_day\"><span class=\"bt_bb_schedule_week_day\">GEN-SEC-D<\/span><span class=\"bt_bb_schedule_inner_location\">Grupospor curso ESO\/Bach<\/span><\/div><div class=\"bt_bb_schedule_time\"><span class=\"bt_bb_schedule_hours\">M-J 19:00-19:50<\/span><span class=\"bt_bb_schedule_inner_desc\">Ingl\u00e9s General<\/span><\/div><\/div><\/div><\/div><div class=\"bt_bb_separator bt_bb_border_style_none bt_bb_bottom_spacing_medium\" data-bt-override-class=\"null\"><\/div><\/div><\/div><\/div><\/div><\/div><div class=\"bt_bb_row  bt_bb_shape_inherit\"  data-bt-override-class=\"{}\"><div class=\"bt_bb_row_holder\" ><div  class=\"bt_bb_column col-xxl-12 col-xl-12 bt_bb_vertical_align_top bt_bb_align_center bt_bb_padding_normal bt_bb_shape_inherit\" style=\"; --column-width:12;\" data-width=\"12\" data-bt-override-class=\"{}\"><div class=\"bt_bb_column_content\"><div class=\"bt_bb_column_content_inner\"><div class=\"bt_bb_button bt_bb_color_scheme_2 bt_bb_icon_position_right bt_bb_style_outline bt_bb_size_large bt_bb_width_inline bt_bb_shape_inherit bt_bb_target_blank bt_bb_align_inherit\" style=\"; --primary-color:#191919; --secondary-color:#ffffff;\" data-bt-override-class=\"{}\"><a href=\"https:\/\/www.nativelearn.com\/online\/reserva\/\" target=\"_blank\" class=\"bt_bb_link\" title=\"RESERVA AHORA\"><span class=\"bt_bb_button_text\" >RESERVA AHORA<\/span><span  data-ico-dripicons=\"&#xe90c;\" class=\"bt_bb_icon_holder\"><\/span><\/a><\/div><\/div><\/div><\/div><\/div><\/div><\/div><\/div><\/div><\/section><section id=\"bt_bb_section69fca881934a7\" data-parallax=\"0.6\" data-parallax-offset=\"0\" data-background_image_src=\"'https:\/\/www.nativelearn.com\/online\/wp-content\/uploads\/background_01-scaled.jpg'\" class=\"bt_bb_section bt_bb_color_scheme_1 bt_bb_layout_boxed_1200 bt_bb_vertical_align_top btLazyLoadBackground bt_bb_background_image bt_bb_parallax bt_bb_top_spacing_large bt_bb_bottom_spacing_large\" style=\"background-image:url(&#039;https:\/\/www.nativelearn.com\/online\/wp-content\/plugins\/bold-page-builder\/img\/blank.gif&#039;);; --section-primary-color:#ffffff; --section-secondary-color:#191919;\" data-bt-override-class=\"null\"><div class=\"bt_bb_port\"><div class=\"bt_bb_cell\"><div class=\"bt_bb_cell_inner\"><div class=\"bt_bb_row  bt_bb_column_gap_10\" style=\"; --column-gap:10px;\" data-bt-override-class=\"{}\"><div class=\"bt_bb_row_holder\" ><div  class=\"bt_bb_column col-xxl-4 col-xl-4 bt_bb_vertical_align_top bt_bb_align_center bt_bb_padding_double bt_bb_animation_fade_in animate bt_bb_shape_inherit\" style=\"; --column-width:4;\" data-width=\"4\" data-bt-override-class=\"{}\"><div class=\"bt_bb_column_content\"><div class=\"bt_bb_column_content_inner\"><div class=\"bt_bb_price_list bt_bb_style_borderless\"><div class=\"bt_bb_price_list_supertitle\">\u20ac\/mes<\/div><div class=\"bt_bb_price_list_price\"><span class=\"bt_bb_price_list_currency\"><\/span><div class=\"bt_bb_price_list_amount\"><div class=\"bt_bb_counter_holder btNoIcon\" data-bt-override-class=\"null\"><div class=\"bt_bb_counter_content\"><span class=\"bt_bb_counter animate\" data-digit-length=\"2\"><span class=\"onedigit p2 d3\" data-digit=\"3\"><span class=\"n0\">0<\/span><span class=\"n1\">1<\/span><span class=\"n2\">2<\/span><span class=\"n3\">3<\/span><span class=\"n4\">4<\/span><span class=\"n5\">5<\/span><span class=\"n6\">6<\/span><span class=\"n7\">7<\/span><span class=\"n8\">8<\/span><span class=\"n9\">9<\/span><span class=\"n0\">0<\/span><\/span><span class=\"onedigit p1 d9\" data-digit=\"9\"><span class=\"n0\">0<\/span><span class=\"n1\">1<\/span><span class=\"n2\">2<\/span><span class=\"n3\">3<\/span><span class=\"n4\">4<\/span><span class=\"n5\">5<\/span><span class=\"n6\">6<\/span><span class=\"n7\">7<\/span><span class=\"n8\">8<\/span><span class=\"n9\">9<\/span><span class=\"n0\">0<\/span><\/span><\/span><\/div><\/div><\/div><\/div><div class=\"bt_bb_price_list_title\">CLASES EN GRUPO<\/div><div class=\"bt_bb_price_list_description\">2 clases semanales de 50 minutos cada una. M\u00e1ximo 12 alumnos del mismo nivel<\/div><\/div><div class=\"bt_bb_separator bt_bb_border_style_none bt_bb_bottom_spacing_medium\" data-bt-override-class=\"null\"><\/div><\/div><\/div><\/div><div  class=\"bt_bb_column col-xxl-4 col-xl-4 bt_bb_vertical_align_top bt_bb_align_center bt_bb_padding_double bt_bb_animation_fade_in animate bt_bb_shape_inherit\" style=\"; --column-width:4;\" data-width=\"4\" data-bt-override-class=\"{}\"><div class=\"bt_bb_column_content\"><div class=\"bt_bb_column_content_inner\"><div class=\"bt_bb_price_list bt_bb_style_borderless\"><div class=\"bt_bb_price_list_supertitle\">\u20ac\/mes<\/div><div class=\"bt_bb_price_list_price\"><span class=\"bt_bb_price_list_currency\"><\/span><div class=\"bt_bb_price_list_amount\"><div class=\"bt_bb_counter_holder btNoIcon\" data-bt-override-class=\"null\"><div class=\"bt_bb_counter_content\"><span class=\"bt_bb_counter animate\" data-digit-length=\"2\"><span class=\"onedigit p2 d6\" data-digit=\"6\"><span class=\"n0\">0<\/span><span class=\"n1\">1<\/span><span class=\"n2\">2<\/span><span class=\"n3\">3<\/span><span class=\"n4\">4<\/span><span class=\"n5\">5<\/span><span class=\"n6\">6<\/span><span class=\"n7\">7<\/span><span class=\"n8\">8<\/span><span class=\"n9\">9<\/span><span class=\"n0\">0<\/span><\/span><span class=\"onedigit p1 d9\" data-digit=\"9\"><span class=\"n0\">0<\/span><span class=\"n1\">1<\/span><span class=\"n2\">2<\/span><span class=\"n3\">3<\/span><span class=\"n4\">4<\/span><span class=\"n5\">5<\/span><span class=\"n6\">6<\/span><span class=\"n7\">7<\/span><span class=\"n8\">8<\/span><span class=\"n9\">9<\/span><span class=\"n0\">0<\/span><\/span><\/span><\/div><\/div><\/div><\/div><div class=\"bt_bb_price_list_title\">CLASES EN MINI GRUPO<\/div><div class=\"bt_bb_price_list_description\">2 clases semanales de 50 minutos cada una. M\u00e1ximo 6 alumnos del mismo nivel<\/div><\/div><div class=\"bt_bb_separator bt_bb_border_style_none bt_bb_bottom_spacing_medium\" data-bt-override-class=\"null\"><\/div><\/div><\/div><\/div><div  class=\"bt_bb_column col-xxl-4 col-xl-4 bt_bb_vertical_align_top bt_bb_align_center bt_bb_padding_double bt_bb_animation_fade_in animate bt_bb_shape_inherit\" style=\"; --column-width:4;\" data-width=\"4\" data-bt-override-class=\"{}\"><div class=\"bt_bb_column_content\"><div class=\"bt_bb_column_content_inner\"><div class=\"bt_bb_price_list bt_bb_style_borderless\"><div class=\"bt_bb_price_list_supertitle\">\u20ac\/mes<\/div><div class=\"bt_bb_price_list_price\"><span class=\"bt_bb_price_list_currency\"><\/span><div class=\"bt_bb_price_list_amount\"><div class=\"bt_bb_counter_holder btNoIcon\" data-bt-override-class=\"null\"><div class=\"bt_bb_counter_content\"><span class=\"bt_bb_counter animate\" data-digit-length=\"3\"><span class=\"onedigit p3 d2\" data-digit=\"2\"><span class=\"n0\">0<\/span><span class=\"n1\">1<\/span><span class=\"n2\">2<\/span><span class=\"n3\">3<\/span><span class=\"n4\">4<\/span><span class=\"n5\">5<\/span><span class=\"n6\">6<\/span><span class=\"n7\">7<\/span><span class=\"n8\">8<\/span><span class=\"n9\">9<\/span><span class=\"n0\">0<\/span><\/span><span class=\"onedigit p2 d5\" data-digit=\"5\"><span class=\"n0\">0<\/span><span class=\"n1\">1<\/span><span class=\"n2\">2<\/span><span class=\"n3\">3<\/span><span class=\"n4\">4<\/span><span class=\"n5\">5<\/span><span class=\"n6\">6<\/span><span class=\"n7\">7<\/span><span class=\"n8\">8<\/span><span class=\"n9\">9<\/span><span class=\"n0\">0<\/span><\/span><span class=\"onedigit p1 d9\" data-digit=\"9\"><span class=\"n0\">0<\/span><span class=\"n1\">1<\/span><span class=\"n2\">2<\/span><span class=\"n3\">3<\/span><span class=\"n4\">4<\/span><span class=\"n5\">5<\/span><span class=\"n6\">6<\/span><span class=\"n7\">7<\/span><span class=\"n8\">8<\/span><span class=\"n9\">9<\/span><span class=\"n0\">0<\/span><\/span><\/span><\/div><\/div><\/div><\/div><div class=\"bt_bb_price_list_title\">CLASES PARTICULARES<\/div><div class=\"bt_bb_price_list_description\">2 clases semanales de 50 minutos cada una. Clase individual<\/div><\/div><div class=\"bt_bb_separator bt_bb_border_style_none bt_bb_bottom_spacing_medium\" data-bt-override-class=\"null\"><\/div><\/div><\/div><\/div><\/div><\/div><div class=\"bt_bb_row  bt_bb_shape_inherit\"  data-bt-override-class=\"{}\"><div class=\"bt_bb_row_holder\" ><div  class=\"bt_bb_column col-xxl-12 col-xl-12 bt_bb_vertical_align_top bt_bb_align_center bt_bb_padding_normal bt_bb_shape_inherit\" style=\"; --column-width:12;\" data-width=\"12\" data-bt-override-class=\"{}\"><div class=\"bt_bb_column_content\"><div class=\"bt_bb_column_content_inner\"><div class=\"bt_bb_button bt_bb_color_scheme_1 bt_bb_icon_position_right bt_bb_style_outline bt_bb_size_large bt_bb_width_inline bt_bb_shape_inherit bt_bb_target_blank bt_bb_align_inherit\" style=\"; --primary-color:#ffffff; --secondary-color:#191919;\" data-bt-override-class=\"{}\"><a href=\"https:\/\/www.nativelearn.com\/online\/reserva\/\" target=\"_blank\" class=\"bt_bb_link\" title=\"RESERVA AHORA\"><span class=\"bt_bb_button_text\" >RESERVA AHORA<\/span><span  data-ico-dripicons=\"&#xe90c;\" class=\"bt_bb_icon_holder\"><\/span><\/a><\/div><\/div><\/div><\/div><\/div><\/div><\/div><\/div><\/div><\/section><\/p>\n","protected":false},"excerpt":{"rendered":"","protected":false},"author":1,"featured_media":0,"parent":2040,"menu_order":0,"comment_status":"closed","ping_status":"closed","template":"","meta":{"footnotes":""},"class_list":["post-2316","page","type-page","status-publish","hentry"],"_links":{"self":[{"href":"https:\/\/www.nativelearn.com\/online\/wp-json\/wp\/v2\/pages\/2316","targetHints":{"allow":["GET"]}}],"collection":[{"href":"https:\/\/www.nativelearn.com\/online\/wp-json\/wp\/v2\/pages"}],"about":[{"href":"https:\/\/www.nativelearn.com\/online\/wp-json\/wp\/v2\/types\/page"}],"author":[{"embeddable":true,"href":"https:\/\/www.nativelearn.com\/online\/wp-json\/wp\/v2\/users\/1"}],"replies":[{"embeddable":true,"href":"https:\/\/www.nativelearn.com\/online\/wp-json\/wp\/v2\/comments?post=2316"}],"version-history":[{"count":72,"href":"https:\/\/www.nativelearn.com\/online\/wp-json\/wp\/v2\/pages\/2316\/revisions"}],"predecessor-version":[{"id":3714,"href":"https:\/\/www.nativelearn.com\/online\/wp-json\/wp\/v2\/pages\/2316\/revisions\/3714"}],"up":[{"embeddable":true,"href":"https:\/\/www.nativelearn.com\/online\/wp-json\/wp\/v2\/pages\/2040"}],"wp:attachment":[{"href":"https:\/\/www.nativelearn.com\/online\/wp-json\/wp\/v2\/media?parent=2316"}],"curies":[{"name":"wp","href":"https:\/\/api.w.org\/{rel}","templated":true}]}}