{"id":3318,"date":"2020-07-25T18:59:42","date_gmt":"2020-07-25T16:59:42","guid":{"rendered":"https:\/\/www.nativelearn.com\/online\/?page_id=3318"},"modified":"2021-06-08T13:16:24","modified_gmt":"2021-06-08T11:16:24","slug":"preparacion-examenes","status":"publish","type":"page","link":"https:\/\/www.nativelearn.com\/online\/cursos\/preparacion-examenes\/","title":{"rendered":"Cursos Preparaci\u00f3n de ex\u00e1menes"},"content":{"rendered":"<p><section id=\"bt_bb_section69fcb683d6a87\"  class=\"bt_bb_section bt_bb_layout_boxed_1200 bt_bb_vertical_align_top bt_bb_top_spacing_large bt_bb_bottom_spacing_medium\"  data-bt-override-class=\"null\"><div class=\"bt_bb_port\"><div class=\"bt_bb_cell\"><div class=\"bt_bb_cell_inner\"><div class=\"bt_bb_row  bt_bb_column_gap_0 bt_bb_shape_inherit\" style=\"; --column-gap:0px;\" data-bt-override-class=\"{}\"><div class=\"bt_bb_row_holder\" ><div  class=\"bt_bb_column col-xxl-12 col-xl-12 bt_bb_vertical_align_bottom bt_bb_align_left bt_bb_padding_normal bt_bb_animation_fade_in animate bt_bb_shape_inherit\" style=\"; --column-width:12;\" data-width=\"12\" data-bt-override-class=\"{}\"><div class=\"bt_bb_column_content\"><div class=\"bt_bb_column_content_inner\"><header class=\"bt_bb_headline bt_bb_dash_top_bottom bt_bb_size_large bt_bb_align_inherit\" data-bt-override-class=\"{}\"><h3 class=\"bt_bb_headline_tag\"><span class=\"bt_bb_headline_content\"><span>Cursos de Preparaci\u00f3n de ex\u00e1menes<\/span><\/span><\/h3><\/header><div class=\"bt_bb_separator bt_bb_border_style_none bt_bb_bottom_spacing_100\" data-bt-override-class=\"null\"><\/div><\/div><\/div><\/div><\/div><\/div><div class=\"bt_bb_row  bt_bb_column_gap_30 bt_bb_shape_inherit\" style=\"; --column-gap:30px;\" data-bt-override-class=\"{}\"><div class=\"bt_bb_row_holder\" ><div  class=\"bt_bb_column col-xxl-6 col-xl-6 bt_bb_vertical_align_top bt_bb_align_left bt_bb_padding_normal bt_bb_animation_fade_in animate bt_bb_shape_inherit\" style=\"; --column-width:6;\" data-width=\"6\" data-bt-override-class=\"{}\"><div class=\"bt_bb_column_content\"><div class=\"bt_bb_column_content_inner\"><div  class=\"bt_bb_text\" ><\/p>\n<p>Cursos para preparaci\u00f3n de ex\u00e1menes oficiales de Cambridge. Un completo curso anual de ingl\u00e9s online con 2 clases semanales con uno de nuestros profesores nativos. Olv\u00eddate de las academias, de perder tiempo yendo y viniendo, o de tener que buscar un profesor para que venga a tu casa. Nuestra academia online con profesores nativos es la mejor opci\u00f3n.<\/p>\n<p>El curso est\u00e1 enfocado en adquirir el nivel necesario y practicar cada examen de Cambridge. En cada clase, los alumnos realizan ejercicios de pr\u00e1ctica de cada una de las partes del examen oficial: Reading &amp; Use of English, Listening, Writing y Speaking, permiti\u00e9ndoles estar preparados para obtener el mejor resultado en el examen oficial que har\u00e1n en mayo o junio.<\/p>\n<p>Disponemos de grupos espec\u00edficos para cada uno de los 4 principales ex\u00e1menes de Cambrige: A2 Key, B1 Preliminary, B2 First y C1 Advanced y ofrecemos 2 opciones de horarios por las tardes (lunes&amp;mi\u00e9rcoles o martes&amp;jueves). Te ofrecemos mini-grupos (m\u00e1ximo 6 alumnos) o grupos (m\u00e1ximo 12 alumnos).<\/p>\n<p>Todas las clases son impartidas por profesorado nativo ingl\u00e9s especializado. Nuestro curso online incluye el material necesario en papel para el alumno (se env\u00eda a casa del alumno), as\u00ed como una licencia de acceso a la plataforma digital para cada alumno.<\/p>\n<p>Realizaremos al alumno una prueba de nivel inicial para garantizar que est\u00e1 en el grupo adecuado.<\/p>\n<p>\n<\/div><div class=\"bt_bb_separator bt_bb_border_style_none bt_bb_bottom_spacing_medium\" data-bt-override-class=\"null\"><\/div><\/div><\/div><\/div><div  class=\"bt_bb_column col-xxl-6 col-xl-6 bt_bb_vertical_align_top bt_bb_align_left bt_bb_padding_normal bt_bb_animation_fade_in animate bt_bb_shape_inherit\" style=\"; --column-width:6;\" data-width=\"6\" data-bt-override-class=\"{}\"><div class=\"bt_bb_column_content\"><div class=\"bt_bb_column_content_inner\"><div class=\"bt_bb_accordion bt_bb_color_scheme_3 bt_bb_style_simple bt_bb_shape_square\" style=\"; --accordion-primary-color:#ff1f1f; --accordion-secondary-color:#191919;\" data-closed=closed><div class=\"bt_bb_accordion_item btWithIcon\"><div class=\"bt_bb_accordion_item_title_content\"><span  data-ico-artistic=\"&#xf128;\" class=\"bt_bb_icon_holder\"><\/span><div class=\"bt_bb_accordion_item_title\">CLASES ONLINE<\/div><\/div><div class=\"bt_bb_accordion_item_content\"><div  class=\"bt_bb_text\" >\n<p>Los alumnos pueden conectarse desde cualquier dispositivo, utilizando el micr\u00f3fono y su c\u00e1mara para interactuar con el profesor y con el resto de sus compa\u00f1eros en el grupo<\/p>\n<\/div>\n<\/div><\/div><div class=\"bt_bb_accordion_item btWithIcon\"><div class=\"bt_bb_accordion_item_title_content\"><span  data-ico-essential=\"&#xe94e;\" class=\"bt_bb_icon_holder\"><\/span><div class=\"bt_bb_accordion_item_title\">CENTRADO EN EL EXAMEN CAMBRIDGE<\/div><\/div><div class=\"bt_bb_accordion_item_content\"><div  class=\"bt_bb_text\" >\n<p>Somos centro preparador de Cambridge, y nuestros profesores cuentan amplia experiencia preparando a alumnos para estos 4 ex\u00e1menes oficiales: A2 Key, B1 Preliminary, B2 First y C1 Advanced.<\/p>\n<\/div>\n<\/div><\/div><div class=\"bt_bb_accordion_item btWithIcon\"><div class=\"bt_bb_accordion_item_title_content\"><span  data-ico-essential=\"&#xea78;\" class=\"bt_bb_icon_holder\"><\/span><div class=\"bt_bb_accordion_item_title\">PROFESORADO NATIVO<\/div><\/div><div class=\"bt_bb_accordion_item_content\"><div  class=\"bt_bb_text\" >\n<p>Todos nuestros profesores son exclusivamente nativos de habla inglesa, especializados en cada examen de Cambridge.<\/p>\n<\/div>\n<\/div><\/div><\/div><div class=\"bt_bb_separator bt_bb_border_style_none bt_bb_bottom_spacing_medium\" data-bt-override-class=\"null\"><\/div><\/div><\/div><\/div><\/div><\/div><div class=\"bt_bb_row  bt_bb_column_gap_0 bt_bb_shape_square\" style=\"; --column-gap:0px;\" data-bt-override-class=\"{}\"><div class=\"bt_bb_row_holder\" ><div  class=\"bt_bb_column col-xxl-12 col-xl-12 bt_bb_vertical_align_top bt_bb_align_left bt_bb_padding_normal bt_bb_shape_inherit\" style=\"; --column-width:12;\" data-width=\"12\" data-bt-override-class=\"{}\"><div class=\"bt_bb_column_content\"><div class=\"bt_bb_column_content_inner\"><header class=\"bt_bb_headline bt_bb_color_scheme_5 bt_bb_dash_none bt_bb_size_normal bt_bb_align_left bt_bb_dash_color_scheme_4\" style=\"; --primary-color:#191919; --secondary-color:#ff1f1f;\" data-bt-override-class=\"{&quot;bt_bb_align_&quot;:{&quot;current_class&quot;:&quot;bt_bb_align_left&quot;,&quot;def&quot;:&quot;left&quot;,&quot;xl&quot;:&quot;left&quot;}}\"><h2 class=\"bt_bb_headline_tag\"><span class=\"bt_bb_headline_content\"><span>Elige uno de los diferentes horarios disponibles<\/span><\/span><\/h2><\/header><div class=\"bt_bb_separator bt_bb_border_style_none bt_bb_top_spacing_normal\" data-bt-override-class=\"null\"><\/div><\/div><\/div><\/div><\/div><\/div><div class=\"bt_bb_row  bt_bb_column_gap_30\" style=\"; --column-gap:30px;\" data-bt-override-class=\"{}\"><div class=\"bt_bb_row_holder\" ><div  class=\"bt_bb_column col-xxl-3 col-xl-3 bt_bb_vertical_align_top bt_bb_align_left bt_bb_padding_normal bt_bb_animation_fade_in animate bt_bb_shape_inherit\" style=\"; --column-width:3;\" data-width=\"3\" data-bt-override-class=\"{}\"><div class=\"bt_bb_column_content\"><div class=\"bt_bb_column_content_inner\"><div class=\"bt_bb_schedule btHasBgImage\"><div class=\"bt_bb_schedule_title_flex\" style = \"background-image:url('https:\/\/www.nativelearn.com\/online\/wp-content\/uploads\/organic_background_2.png')\"><div class=\"bt_bb_schedule_supertitle\">PREPARACI\u00d3N EX\u00c1MENES<\/div><div class=\"bt_bb_schedule_title\">A2 Key<\/div><\/div><div class=\"bt_bb_schedule_content\"><div class=\"bt_bb_schedule_inner_row\" data-day=\"SAT\"><div class=\"bt_bb_schedule_day\"><span class=\"bt_bb_schedule_week_day\">EX-A2 Key-A<\/span><span class=\"bt_bb_schedule_inner_location\">A2 Key<\/span><\/div><div class=\"bt_bb_schedule_time\"><span class=\"bt_bb_schedule_hours\">L-X 18:00-18:50<\/span><span class=\"bt_bb_schedule_inner_desc\">Prep. Exam<\/span><\/div><\/div><div class=\"bt_bb_schedule_inner_row\" data-day=\"SAT\"><div class=\"bt_bb_schedule_day\"><span class=\"bt_bb_schedule_week_day\">EX-A2-Key-B<\/span><span class=\"bt_bb_schedule_inner_location\">A2 Key<\/span><\/div><div class=\"bt_bb_schedule_time\"><span class=\"bt_bb_schedule_hours\">L-X 19:00-19:50<\/span><span class=\"bt_bb_schedule_inner_desc\">Prep. Exam<\/span><\/div><\/div><div class=\"bt_bb_schedule_inner_row\" data-day=\"SAT\"><div class=\"bt_bb_schedule_day\"><span class=\"bt_bb_schedule_week_day\">EX-A2-Key-C<\/span><span class=\"bt_bb_schedule_inner_location\">A2 Key<\/span><\/div><div class=\"bt_bb_schedule_time\"><span class=\"bt_bb_schedule_hours\">M-J 18:00-18:50<\/span><span class=\"bt_bb_schedule_inner_desc\">Prep. Exam<\/span><\/div><\/div><div class=\"bt_bb_schedule_inner_row\" data-day=\"SAT\"><div class=\"bt_bb_schedule_day\"><span class=\"bt_bb_schedule_week_day\">EX-A2-Key-D<\/span><span class=\"bt_bb_schedule_inner_location\">A2 Key<\/span><\/div><div class=\"bt_bb_schedule_time\"><span class=\"bt_bb_schedule_hours\">M-J 19:00-19:50<\/span><span class=\"bt_bb_schedule_inner_desc\">Prep. Exam<\/span><\/div><\/div><\/div><\/div><div class=\"bt_bb_separator bt_bb_border_style_none bt_bb_bottom_spacing_medium\" data-bt-override-class=\"null\"><\/div><\/div><\/div><\/div><div  class=\"bt_bb_column col-xxl-3 col-xl-3 bt_bb_vertical_align_top bt_bb_align_left bt_bb_padding_normal bt_bb_animation_fade_in animate bt_bb_shape_inherit\" style=\"; --column-width:3;\" data-width=\"3\" data-bt-override-class=\"{}\"><div class=\"bt_bb_column_content\"><div class=\"bt_bb_column_content_inner\"><div class=\"bt_bb_schedule btHasBgImage\"><div class=\"bt_bb_schedule_title_flex\" style = \"background-image:url('https:\/\/www.nativelearn.com\/online\/wp-content\/uploads\/organic_background_5.png')\"><div class=\"bt_bb_schedule_supertitle\">PREPARACI\u00d3N EX\u00c1MENES<\/div><div class=\"bt_bb_schedule_title\">B1 Preliminary<\/div><\/div><div class=\"bt_bb_schedule_content\"><div class=\"bt_bb_schedule_inner_row\" data-day=\"SAT\"><div class=\"bt_bb_schedule_day\"><span class=\"bt_bb_schedule_week_day\">EX-B1-PET-A<\/span><span class=\"bt_bb_schedule_inner_location\">B1 Preliminary<\/span><\/div><div class=\"bt_bb_schedule_time\"><span class=\"bt_bb_schedule_hours\">L-X 18:00-18:50<\/span><span class=\"bt_bb_schedule_inner_desc\">Prep. Exam<\/span><\/div><\/div><div class=\"bt_bb_schedule_inner_row\" data-day=\"SAT\"><div class=\"bt_bb_schedule_day\"><span class=\"bt_bb_schedule_week_day\">EX-B1-PET-B<\/span><span class=\"bt_bb_schedule_inner_location\">B1 Preliminary<\/span><\/div><div class=\"bt_bb_schedule_time\"><span class=\"bt_bb_schedule_hours\">L-X 19:00-19:50<\/span><span class=\"bt_bb_schedule_inner_desc\">Prep. Exam<\/span><\/div><\/div><div class=\"bt_bb_schedule_inner_row\" data-day=\"SAT\"><div class=\"bt_bb_schedule_day\"><span class=\"bt_bb_schedule_week_day\">EX-B1-PET-C<\/span><span class=\"bt_bb_schedule_inner_location\">B1 Preliminary<\/span><\/div><div class=\"bt_bb_schedule_time\"><span class=\"bt_bb_schedule_hours\">M-J 18:00-18:50<\/span><span class=\"bt_bb_schedule_inner_desc\">Prep. Exam<\/span><\/div><\/div><div class=\"bt_bb_schedule_inner_row\" data-day=\"SAT\"><div class=\"bt_bb_schedule_day\"><span class=\"bt_bb_schedule_week_day\">EX-B1-PET-D<\/span><span class=\"bt_bb_schedule_inner_location\">B1 Preliminary<\/span><\/div><div class=\"bt_bb_schedule_time\"><span class=\"bt_bb_schedule_hours\">M-J 19:00-19:50<\/span><span class=\"bt_bb_schedule_inner_desc\">Prep. Exam<\/span><\/div><\/div><\/div><\/div><div class=\"bt_bb_separator bt_bb_border_style_none bt_bb_bottom_spacing_medium\" data-bt-override-class=\"null\"><\/div><\/div><\/div><\/div><div  class=\"bt_bb_column col-xxl-3 col-xl-3 bt_bb_vertical_align_top bt_bb_align_left bt_bb_padding_normal bt_bb_animation_fade_in animate\" style=\"; --column-width:3;\" data-width=\"3\" data-bt-override-class=\"{}\"><div class=\"bt_bb_column_content\"><div class=\"bt_bb_column_content_inner\"><div class=\"bt_bb_schedule btHasBgImage\"><div class=\"bt_bb_schedule_title_flex\" style = \"background-image:url('https:\/\/www.nativelearn.com\/online\/wp-content\/uploads\/organic_background_4.png')\"><div class=\"bt_bb_schedule_supertitle\">PREPARACI\u00d3N EX\u00c1MENES<\/div><div class=\"bt_bb_schedule_title\">B2 First<\/div><\/div><div class=\"bt_bb_schedule_content\"><div class=\"bt_bb_schedule_inner_row\" data-day=\"SAT\"><div class=\"bt_bb_schedule_day\"><span class=\"bt_bb_schedule_week_day\">EX-B2 First-A<\/span><span class=\"bt_bb_schedule_inner_location\">B2 First<\/span><\/div><div class=\"bt_bb_schedule_time\"><span class=\"bt_bb_schedule_hours\">L-X 18:00-18:50<\/span><span class=\"bt_bb_schedule_inner_desc\">Prep. Exam<\/span><\/div><\/div><div class=\"bt_bb_schedule_inner_row\" data-day=\"SAT\"><div class=\"bt_bb_schedule_day\"><span class=\"bt_bb_schedule_week_day\">EX-B2 First-B<\/span><span class=\"bt_bb_schedule_inner_location\">B2 First<\/span><\/div><div class=\"bt_bb_schedule_time\"><span class=\"bt_bb_schedule_hours\">L-X 19:00-19:50<\/span><span class=\"bt_bb_schedule_inner_desc\">Prep. Exam<\/span><\/div><\/div><div class=\"bt_bb_schedule_inner_row\" data-day=\"SAT\"><div class=\"bt_bb_schedule_day\"><span class=\"bt_bb_schedule_week_day\">EX-B2 First-C<\/span><span class=\"bt_bb_schedule_inner_location\">B2 First<\/span><\/div><div class=\"bt_bb_schedule_time\"><span class=\"bt_bb_schedule_hours\">M-J 18:00-18:50<\/span><span class=\"bt_bb_schedule_inner_desc\">Prep. Exam<\/span><\/div><\/div><div class=\"bt_bb_schedule_inner_row\" data-day=\"SAT\"><div class=\"bt_bb_schedule_day\"><span class=\"bt_bb_schedule_week_day\">EX-B2 First-D<\/span><span class=\"bt_bb_schedule_inner_location\">B2 First<\/span><\/div><div class=\"bt_bb_schedule_time\"><span class=\"bt_bb_schedule_hours\">M-J 19:00-19:50<\/span><span class=\"bt_bb_schedule_inner_desc\">Prep. Exam<\/span><\/div><\/div><\/div><\/div><div class=\"bt_bb_separator bt_bb_border_style_none bt_bb_bottom_spacing_medium\" data-bt-override-class=\"null\"><\/div><\/div><\/div><\/div><div  class=\"bt_bb_column col-xxl-3 col-xl-3 bt_bb_vertical_align_top bt_bb_align_left bt_bb_padding_normal bt_bb_animation_fade_in animate bt_bb_shape_inherit\" style=\"; --column-width:3;\" data-width=\"3\" data-bt-override-class=\"{}\"><div class=\"bt_bb_column_content\"><div class=\"bt_bb_column_content_inner\"><div class=\"bt_bb_schedule btHasBgImage\"><div class=\"bt_bb_schedule_title_flex\" style = \"background-image:url('https:\/\/www.nativelearn.com\/online\/wp-content\/uploads\/organic_background_1.png')\"><div class=\"bt_bb_schedule_supertitle\">PREPARACI\u00d3N DE EX\u00c1MENES<\/div><div class=\"bt_bb_schedule_title\">C1 Advanced<\/div><\/div><div class=\"bt_bb_schedule_content\"><div class=\"bt_bb_schedule_inner_row\" data-day=\"SAT\"><div class=\"bt_bb_schedule_day\"><span class=\"bt_bb_schedule_week_day\">EX-C1 Advanced-A<\/span><span class=\"bt_bb_schedule_inner_location\">C1 Advanced<\/span><\/div><div class=\"bt_bb_schedule_time\"><span class=\"bt_bb_schedule_hours\">L-X 18:00-18:50<\/span><span class=\"bt_bb_schedule_inner_desc\">Prep. Exam<\/span><\/div><\/div><div class=\"bt_bb_schedule_inner_row\" data-day=\"SAT\"><div class=\"bt_bb_schedule_day\"><span class=\"bt_bb_schedule_week_day\">EX-C1 Advanced-B<\/span><span class=\"bt_bb_schedule_inner_location\">C1 Advanced<\/span><\/div><div class=\"bt_bb_schedule_time\"><span class=\"bt_bb_schedule_hours\">L-X 19:00-19:50<\/span><span class=\"bt_bb_schedule_inner_desc\">Prep. Exam<\/span><\/div><\/div><div class=\"bt_bb_schedule_inner_row\" data-day=\"SAT\"><div class=\"bt_bb_schedule_day\"><span class=\"bt_bb_schedule_week_day\">EX-C1 Advanced-C<\/span><span class=\"bt_bb_schedule_inner_location\">C1 Advanced<\/span><\/div><div class=\"bt_bb_schedule_time\"><span class=\"bt_bb_schedule_hours\">M-J 18:00-18:50<\/span><span class=\"bt_bb_schedule_inner_desc\">Prep. Exam<\/span><\/div><\/div><div class=\"bt_bb_schedule_inner_row\" data-day=\"SAT\"><div class=\"bt_bb_schedule_day\"><span class=\"bt_bb_schedule_week_day\">EX-C1 Advanced-D<\/span><span class=\"bt_bb_schedule_inner_location\">C1 Advanced<\/span><\/div><div class=\"bt_bb_schedule_time\"><span class=\"bt_bb_schedule_hours\">M-J 19:00-19:50<\/span><span class=\"bt_bb_schedule_inner_desc\">Prep. Exam<\/span><\/div><\/div><\/div><\/div><div class=\"bt_bb_separator bt_bb_border_style_none bt_bb_bottom_spacing_medium\" data-bt-override-class=\"null\"><\/div><\/div><\/div><\/div><\/div><\/div><div class=\"bt_bb_row  bt_bb_shape_inherit\"  data-bt-override-class=\"{}\"><div class=\"bt_bb_row_holder\" ><div  class=\"bt_bb_column col-xxl-12 col-xl-12 bt_bb_vertical_align_top bt_bb_align_center bt_bb_padding_normal bt_bb_shape_inherit\" style=\"; --column-width:12;\" data-width=\"12\" data-bt-override-class=\"{}\"><div class=\"bt_bb_column_content\"><div class=\"bt_bb_column_content_inner\"><div class=\"bt_bb_button bt_bb_color_scheme_2 bt_bb_icon_position_right bt_bb_style_outline bt_bb_size_large bt_bb_width_inline bt_bb_shape_inherit bt_bb_target_blank bt_bb_align_inherit\" style=\"; --primary-color:#191919; --secondary-color:#ffffff;\" data-bt-override-class=\"{}\"><a href=\"https:\/\/www.nativelearn.com\/online\/reserva\/\" target=\"_blank\" class=\"bt_bb_link\" title=\"RESERVA AHORA\"><span class=\"bt_bb_button_text\" >RESERVA AHORA<\/span><span  data-ico-dripicons=\"&#xe90c;\" class=\"bt_bb_icon_holder\"><\/span><\/a><\/div><\/div><\/div><\/div><\/div><\/div><\/div><\/div><\/div><\/section><section id=\"bt_bb_section69fcb683d90e2\" data-parallax=\"0.6\" data-parallax-offset=\"0\" data-background_image_src=\"'https:\/\/www.nativelearn.com\/online\/wp-content\/uploads\/pattern.jpg'\" class=\"bt_bb_section bt_bb_color_scheme_5 bt_bb_layout_boxed_1200 bt_bb_vertical_align_top btLazyLoadBackground bt_bb_background_image bt_bb_parallax bt_bb_top_spacing_large bt_bb_bottom_spacing_large\" style=\"background-image:url(&#039;https:\/\/www.nativelearn.com\/online\/wp-content\/plugins\/bold-page-builder\/img\/blank.gif&#039;);; --section-primary-color:#191919; --section-secondary-color:#ff1f1f;\" data-bt-override-class=\"null\"><div class=\"bt_bb_port\"><div class=\"bt_bb_cell\"><div class=\"bt_bb_cell_inner\"><div class=\"bt_bb_row  bt_bb_column_gap_10 bt_bb_shape_inherit\" style=\"; --column-gap:10px;\" data-bt-override-class=\"{}\"><div class=\"bt_bb_row_holder\" ><div  class=\"bt_bb_column col-xxl-4 col-xl-4 bt_bb_vertical_align_top bt_bb_align_center bt_bb_padding_double bt_bb_animation_fade_in animate bt_bb_shape_inherit\" style=\"; --column-width:4;\" data-width=\"4\" data-bt-override-class=\"{}\"><div class=\"bt_bb_column_content\"><div class=\"bt_bb_column_content_inner\"><div class=\"bt_bb_price_list bt_bb_style_borderless bt_bb_color_scheme_5\" style=\"; --price-list-primary-color:#191919; --price-list-secondary-color:#ff1f1f;\"><div class=\"bt_bb_price_list_supertitle\">\u20ac\/mes<\/div><div class=\"bt_bb_price_list_price\"><span class=\"bt_bb_price_list_currency\"><\/span><div class=\"bt_bb_price_list_amount\"><div class=\"bt_bb_counter_holder btNoIcon\" data-bt-override-class=\"null\"><div class=\"bt_bb_counter_content\"><span class=\"bt_bb_counter animate\" data-digit-length=\"2\"><span class=\"onedigit p2 d3\" data-digit=\"3\"><span class=\"n0\">0<\/span><span class=\"n1\">1<\/span><span class=\"n2\">2<\/span><span class=\"n3\">3<\/span><span class=\"n4\">4<\/span><span class=\"n5\">5<\/span><span class=\"n6\">6<\/span><span class=\"n7\">7<\/span><span class=\"n8\">8<\/span><span class=\"n9\">9<\/span><span class=\"n0\">0<\/span><\/span><span class=\"onedigit p1 d9\" data-digit=\"9\"><span class=\"n0\">0<\/span><span class=\"n1\">1<\/span><span class=\"n2\">2<\/span><span class=\"n3\">3<\/span><span class=\"n4\">4<\/span><span class=\"n5\">5<\/span><span class=\"n6\">6<\/span><span class=\"n7\">7<\/span><span class=\"n8\">8<\/span><span class=\"n9\">9<\/span><span class=\"n0\">0<\/span><\/span><\/span><\/div><\/div><\/div><\/div><div class=\"bt_bb_price_list_title\">CLASES EN GRUPO<\/div><div class=\"bt_bb_price_list_description\">2 clases semanales de 50 minutos cada una. M\u00e1ximo 12 alumnos del mismo nivel<\/div><\/div><div class=\"bt_bb_separator bt_bb_border_style_none bt_bb_bottom_spacing_medium\" data-bt-override-class=\"null\"><\/div><\/div><\/div><\/div><div  class=\"bt_bb_column col-xxl-4 col-xl-4 bt_bb_vertical_align_top bt_bb_align_center bt_bb_padding_double bt_bb_animation_fade_in animate bt_bb_shape_inherit\" style=\"; --column-width:4;\" data-width=\"4\" data-bt-override-class=\"{}\"><div class=\"bt_bb_column_content\"><div class=\"bt_bb_column_content_inner\"><div class=\"bt_bb_price_list bt_bb_style_borderless bt_bb_color_scheme_5\" style=\"; --price-list-primary-color:#191919; --price-list-secondary-color:#ff1f1f;\"><div class=\"bt_bb_price_list_supertitle\">\u20ac\/mes<\/div><div class=\"bt_bb_price_list_price\"><span class=\"bt_bb_price_list_currency\"><\/span><div class=\"bt_bb_price_list_amount\"><div class=\"bt_bb_counter_holder btNoIcon\" data-bt-override-class=\"null\"><div class=\"bt_bb_counter_content\"><span class=\"bt_bb_counter animate\" data-digit-length=\"2\"><span class=\"onedigit p2 d6\" data-digit=\"6\"><span class=\"n0\">0<\/span><span class=\"n1\">1<\/span><span class=\"n2\">2<\/span><span class=\"n3\">3<\/span><span class=\"n4\">4<\/span><span class=\"n5\">5<\/span><span class=\"n6\">6<\/span><span class=\"n7\">7<\/span><span class=\"n8\">8<\/span><span class=\"n9\">9<\/span><span class=\"n0\">0<\/span><\/span><span class=\"onedigit p1 d9\" data-digit=\"9\"><span class=\"n0\">0<\/span><span class=\"n1\">1<\/span><span class=\"n2\">2<\/span><span class=\"n3\">3<\/span><span class=\"n4\">4<\/span><span class=\"n5\">5<\/span><span class=\"n6\">6<\/span><span class=\"n7\">7<\/span><span class=\"n8\">8<\/span><span class=\"n9\">9<\/span><span class=\"n0\">0<\/span><\/span><\/span><\/div><\/div><\/div><\/div><div class=\"bt_bb_price_list_title\">CLASES EN MINI GRUPO<\/div><div class=\"bt_bb_price_list_description\">2 clases semanales de 50 minutos cada una. M\u00e1ximo 6 alumnos del mismo nivel<\/div><\/div><div class=\"bt_bb_separator bt_bb_border_style_none bt_bb_bottom_spacing_medium\" data-bt-override-class=\"null\"><\/div><\/div><\/div><\/div><div  class=\"bt_bb_column col-xxl-4 col-xl-4 bt_bb_vertical_align_top bt_bb_align_center bt_bb_padding_double bt_bb_animation_fade_in animate bt_bb_shape_inherit\" style=\"; --column-width:4;\" data-width=\"4\" data-bt-override-class=\"{}\"><div class=\"bt_bb_column_content\"><div class=\"bt_bb_column_content_inner\"><div class=\"bt_bb_price_list bt_bb_style_borderless bt_bb_color_scheme_5\" style=\"; --price-list-primary-color:#191919; --price-list-secondary-color:#ff1f1f;\"><div class=\"bt_bb_price_list_supertitle\">\u20ac\/mes<\/div><div class=\"bt_bb_price_list_price\"><span class=\"bt_bb_price_list_currency\"><\/span><div class=\"bt_bb_price_list_amount\"><div class=\"bt_bb_counter_holder btNoIcon\" data-bt-override-class=\"null\"><div class=\"bt_bb_counter_content\"><span class=\"bt_bb_counter animate\" data-digit-length=\"3\"><span class=\"onedigit p3 d2\" data-digit=\"2\"><span class=\"n0\">0<\/span><span class=\"n1\">1<\/span><span class=\"n2\">2<\/span><span class=\"n3\">3<\/span><span class=\"n4\">4<\/span><span class=\"n5\">5<\/span><span class=\"n6\">6<\/span><span class=\"n7\">7<\/span><span class=\"n8\">8<\/span><span class=\"n9\">9<\/span><span class=\"n0\">0<\/span><\/span><span class=\"onedigit p2 d5\" data-digit=\"5\"><span class=\"n0\">0<\/span><span class=\"n1\">1<\/span><span class=\"n2\">2<\/span><span class=\"n3\">3<\/span><span class=\"n4\">4<\/span><span class=\"n5\">5<\/span><span class=\"n6\">6<\/span><span class=\"n7\">7<\/span><span class=\"n8\">8<\/span><span class=\"n9\">9<\/span><span class=\"n0\">0<\/span><\/span><span class=\"onedigit p1 d9\" data-digit=\"9\"><span class=\"n0\">0<\/span><span class=\"n1\">1<\/span><span class=\"n2\">2<\/span><span class=\"n3\">3<\/span><span class=\"n4\">4<\/span><span class=\"n5\">5<\/span><span class=\"n6\">6<\/span><span class=\"n7\">7<\/span><span class=\"n8\">8<\/span><span class=\"n9\">9<\/span><span class=\"n0\">0<\/span><\/span><\/span><\/div><\/div><\/div><\/div><div class=\"bt_bb_price_list_title\">CLASES PARTICULARES<\/div><div class=\"bt_bb_price_list_description\">2 clases semanales de 50 minutos cada una. Clase individual<\/div><\/div><div class=\"bt_bb_separator bt_bb_border_style_none bt_bb_bottom_spacing_medium\" data-bt-override-class=\"null\"><\/div><\/div><\/div><\/div><\/div><\/div><div class=\"bt_bb_row  bt_bb_shape_inherit\"  data-bt-override-class=\"{}\"><div class=\"bt_bb_row_holder\" ><div  class=\"bt_bb_column col-xxl-12 col-xl-12 bt_bb_vertical_align_top bt_bb_align_center bt_bb_padding_normal bt_bb_shape_inherit\" style=\"; --column-width:12;\" data-width=\"12\" data-bt-override-class=\"{}\"><div class=\"bt_bb_column_content\"><div class=\"bt_bb_column_content_inner\"><div class=\"bt_bb_button bt_bb_color_scheme_2 bt_bb_icon_position_right bt_bb_style_outline bt_bb_size_large bt_bb_width_inline bt_bb_shape_inherit bt_bb_target_blank bt_bb_align_inherit\" style=\"; --primary-color:#191919; --secondary-color:#ffffff;\" data-bt-override-class=\"{}\"><a href=\"https:\/\/www.nativelearn.com\/online\/reserva\/\" target=\"_blank\" class=\"bt_bb_link\" title=\"RESERVA AHORA\"><span class=\"bt_bb_button_text\" >RESERVA AHORA<\/span><span  data-ico-dripicons=\"&#xe90c;\" class=\"bt_bb_icon_holder\"><\/span><\/a><\/div><\/div><\/div><\/div><\/div><\/div><\/div><\/div><\/div><\/section><\/p>\n","protected":false},"excerpt":{"rendered":"","protected":false},"author":1,"featured_media":0,"parent":2040,"menu_order":0,"comment_status":"closed","ping_status":"closed","template":"","meta":{"footnotes":""},"class_list":["post-3318","page","type-page","status-publish","hentry"],"_links":{"self":[{"href":"https:\/\/www.nativelearn.com\/online\/wp-json\/wp\/v2\/pages\/3318","targetHints":{"allow":["GET"]}}],"collection":[{"href":"https:\/\/www.nativelearn.com\/online\/wp-json\/wp\/v2\/pages"}],"about":[{"href":"https:\/\/www.nativelearn.com\/online\/wp-json\/wp\/v2\/types\/page"}],"author":[{"embeddable":true,"href":"https:\/\/www.nativelearn.com\/online\/wp-json\/wp\/v2\/users\/1"}],"replies":[{"embeddable":true,"href":"https:\/\/www.nativelearn.com\/online\/wp-json\/wp\/v2\/comments?post=3318"}],"version-history":[{"count":28,"href":"https:\/\/www.nativelearn.com\/online\/wp-json\/wp\/v2\/pages\/3318\/revisions"}],"predecessor-version":[{"id":3704,"href":"https:\/\/www.nativelearn.com\/online\/wp-json\/wp\/v2\/pages\/3318\/revisions\/3704"}],"up":[{"embeddable":true,"href":"https:\/\/www.nativelearn.com\/online\/wp-json\/wp\/v2\/pages\/2040"}],"wp:attachment":[{"href":"https:\/\/www.nativelearn.com\/online\/wp-json\/wp\/v2\/media?parent=3318"}],"curies":[{"name":"wp","href":"https:\/\/api.w.org\/{rel}","templated":true}]}}