{"id":3376,"date":"2020-07-31T17:41:52","date_gmt":"2020-07-31T15:41:52","guid":{"rendered":"https:\/\/www.nativelearn.com\/online\/?page_id=3376"},"modified":"2021-03-15T11:57:34","modified_gmt":"2021-03-15T09:57:34","slug":"particulares","status":"publish","type":"page","link":"https:\/\/www.nativelearn.com\/online\/cursos\/particulares\/","title":{"rendered":"Clases particulares online"},"content":{"rendered":"<p><section id=\"bt_bb_section69fcabe5d7c11\"  class=\"bt_bb_section bt_bb_layout_boxed_1200 bt_bb_vertical_align_top bt_bb_top_spacing_large bt_bb_bottom_spacing_medium\"  data-bt-override-class=\"null\"><div class=\"bt_bb_port\"><div class=\"bt_bb_cell\"><div class=\"bt_bb_cell_inner\"><div class=\"bt_bb_row  bt_bb_column_gap_0 bt_bb_shape_inherit\" style=\"; --column-gap:0px;\" data-bt-override-class=\"{}\"><div class=\"bt_bb_row_holder\" ><div  class=\"bt_bb_column col-xxl-12 col-xl-12 bt_bb_vertical_align_bottom bt_bb_align_left bt_bb_padding_normal bt_bb_animation_fade_in animate bt_bb_shape_inherit\" style=\"; --column-width:12;\" data-width=\"12\" data-bt-override-class=\"{}\"><div class=\"bt_bb_column_content\"><div class=\"bt_bb_column_content_inner\"><header class=\"bt_bb_headline bt_bb_dash_top_bottom bt_bb_size_large bt_bb_align_inherit\" data-bt-override-class=\"{}\"><h3 class=\"bt_bb_headline_tag\"><span class=\"bt_bb_headline_content\"><span>Clases particulares online<\/span><\/span><\/h3><\/header><div class=\"bt_bb_separator bt_bb_border_style_none bt_bb_bottom_spacing_100\" data-bt-override-class=\"null\"><\/div><\/div><\/div><\/div><\/div><\/div><div class=\"bt_bb_row  bt_bb_column_gap_30 bt_bb_shape_inherit\" style=\"; --column-gap:30px;\" data-bt-override-class=\"{}\"><div class=\"bt_bb_row_holder\" ><div  class=\"bt_bb_column col-xxl-6 col-xl-6 bt_bb_vertical_align_top bt_bb_align_left bt_bb_padding_normal bt_bb_animation_fade_in animate bt_bb_shape_inherit\" style=\"; --column-width:6;\" data-width=\"6\" data-bt-override-class=\"{}\"><div class=\"bt_bb_column_content\"><div class=\"bt_bb_column_content_inner\"><div  class=\"bt_bb_text\" ><\/p>\n<p>Nuestros clases particulares se adaptan a tus necesidades: preparar un examen de manera intensiva, mejorar pronunciaci\u00f3n, apoyo en la asignatura escolar, preparar entrevistas de trabajo&#8230; Elige el horario que prefieras para tus 2 sesiones semanales o concentra ambas clases en una \u00fanica sesi\u00f3n de 2 horas con uno de nuestros profesores nativos. Puedes elegir cualquier d\u00eda de la semana, incluyendo s\u00e1bados. Olv\u00eddate de perder tiempo buscando un profesor para que venga a tu casa o a tu empresa. Nuestra academia online con profesores nativos es la mejor opci\u00f3n.<\/p>\n<p>Las clases particulares incluyen tambi\u00e9n acceso 24h a nuestra plataforma online con lecturas y ejercicios para pr\u00e1ctica individual.<\/p>\n<p>Todas las clases particulares son impartidas por profesorado nativo ingl\u00e9s especializado.<\/p>\n<p>\n<\/div><div class=\"bt_bb_separator bt_bb_border_style_none bt_bb_bottom_spacing_medium\" data-bt-override-class=\"null\"><\/div><\/div><\/div><\/div><div  class=\"bt_bb_column col-xxl-6 col-xl-6 bt_bb_vertical_align_top bt_bb_align_left bt_bb_padding_normal bt_bb_animation_fade_in animate bt_bb_shape_inherit\" style=\"; --column-width:6;\" data-width=\"6\" data-bt-override-class=\"{}\"><div class=\"bt_bb_column_content\"><div class=\"bt_bb_column_content_inner\"><div class=\"bt_bb_accordion bt_bb_color_scheme_3 bt_bb_style_simple bt_bb_shape_square\" style=\"; --accordion-primary-color:#ff1f1f; --accordion-secondary-color:#191919;\" data-closed=closed><div class=\"bt_bb_accordion_item btWithIcon\"><div class=\"bt_bb_accordion_item_title_content\"><span  data-ico-design=\"&#xe949;\" class=\"bt_bb_icon_holder\"><\/span><div class=\"bt_bb_accordion_item_title\">CLASES ADAPTADAS A TUS NECESIDADES<\/div><\/div><div class=\"bt_bb_accordion_item_content\"><div  class=\"bt_bb_text\" >\n<p>Por fin un curso enfocado exclusivamente en la conversaci\u00f3n y en la pr\u00e1ctica de la comunicaci\u00f3n oral, impartido por profesorado nativo que modera la clase, interact\u00faa y corrige a los alumnos, y se asegura de que las clases son amenas y eficaces para los alumnos.<\/p>\n<\/div>\n<\/div><\/div><div class=\"bt_bb_accordion_item btWithIcon\"><div class=\"bt_bb_accordion_item_title_content\"><span  data-ico-artistic=\"&#xf128;\" class=\"bt_bb_icon_holder\"><\/span><div class=\"bt_bb_accordion_item_title\">CLASES ONLINE<\/div><\/div><div class=\"bt_bb_accordion_item_content\"><div  class=\"bt_bb_text\" >\n<p>El alumno puede conectarse desde cualquier dispositivo, utilizando el micr\u00f3fono y su c\u00e1mara para interactuar con el profesor<\/p>\n<\/div>\n<\/div><\/div><div class=\"bt_bb_accordion_item btWithIcon\"><div class=\"bt_bb_accordion_item_title_content\"><span  data-ico-essential=\"&#xea78;\" class=\"bt_bb_icon_holder\"><\/span><div class=\"bt_bb_accordion_item_title\">PROFESORADO NATIVO<\/div><\/div><div class=\"bt_bb_accordion_item_content\"><div  class=\"bt_bb_text\" >\n<p>Todos nuestros profesores son exclusivamente nativos de habla inglesa con amplia experiencia ense\u00f1ando el idioma<\/p>\n<\/div>\n<\/div><\/div><\/div><div class=\"bt_bb_separator bt_bb_border_style_none bt_bb_bottom_spacing_medium\" data-bt-override-class=\"null\"><\/div><\/div><\/div><\/div><\/div><\/div><div class=\"bt_bb_row  bt_bb_shape_inherit\"  data-bt-override-class=\"{}\"><div class=\"bt_bb_row_holder\" ><div  class=\"bt_bb_column col-xxl-12 col-xl-12 bt_bb_vertical_align_top bt_bb_align_center bt_bb_padding_normal bt_bb_shape_inherit\" style=\"; --column-width:12;\" data-width=\"12\" data-bt-override-class=\"{}\"><div class=\"bt_bb_column_content\"><div class=\"bt_bb_column_content_inner\"><div class=\"bt_bb_button bt_bb_color_scheme_2 bt_bb_icon_position_right bt_bb_style_outline bt_bb_size_large bt_bb_width_inline bt_bb_shape_inherit bt_bb_target_blank bt_bb_align_inherit\" style=\"; --primary-color:#191919; --secondary-color:#ffffff;\" data-bt-override-class=\"{}\"><a href=\"https:\/\/www.nativelearn.com\/online\/reserva\/\" target=\"_blank\" class=\"bt_bb_link\" title=\"RESERVA AHORA\"><span class=\"bt_bb_button_text\" >RESERVA AHORA<\/span><span  data-ico-dripicons=\"&#xe90c;\" class=\"bt_bb_icon_holder\"><\/span><\/a><\/div><\/div><\/div><\/div><\/div><\/div><\/div><\/div><\/div><\/section><section id=\"bt_bb_section69fcabe5d8cda\" data-parallax=\"0.6\" data-parallax-offset=\"0\" data-background_image_src=\"'https:\/\/www.nativelearn.com\/online\/wp-content\/uploads\/pattern.jpg'\" class=\"bt_bb_section bt_bb_color_scheme_5 bt_bb_layout_boxed_1200 bt_bb_vertical_align_top btLazyLoadBackground bt_bb_background_image bt_bb_parallax bt_bb_top_spacing_large bt_bb_bottom_spacing_large\" style=\"background-image:url(&#039;https:\/\/www.nativelearn.com\/online\/wp-content\/plugins\/bold-page-builder\/img\/blank.gif&#039;);; --section-primary-color:#191919; --section-secondary-color:#ff1f1f;\" data-bt-override-class=\"null\"><div class=\"bt_bb_port\"><div class=\"bt_bb_cell\"><div class=\"bt_bb_cell_inner\"><div class=\"bt_bb_row  bt_bb_column_gap_10 bt_bb_shape_inherit\" style=\"; --column-gap:10px;\" data-bt-override-class=\"{}\"><div class=\"bt_bb_row_holder\" ><div  class=\"bt_bb_column col-xxl-4 col-xl-4 bt_bb_vertical_align_top bt_bb_align_center bt_bb_padding_double bt_bb_animation_fade_in animate bt_bb_shape_inherit\" style=\"; --column-width:4;\" data-width=\"4\" data-bt-override-class=\"{}\"><div class=\"bt_bb_column_content\"><div class=\"bt_bb_column_content_inner\"><div class=\"bt_bb_price_list bt_bb_style_borderless bt_bb_color_scheme_5\" style=\"; --price-list-primary-color:#191919; --price-list-secondary-color:#ff1f1f;\"><div class=\"bt_bb_price_list_supertitle\">\u20ac\/mes<\/div><div class=\"bt_bb_price_list_price\"><span class=\"bt_bb_price_list_currency\"><\/span><div class=\"bt_bb_price_list_amount\"><div class=\"bt_bb_counter_holder btNoIcon\" data-bt-override-class=\"null\"><div class=\"bt_bb_counter_content\"><span class=\"bt_bb_counter animate\" data-digit-length=\"2\"><span class=\"onedigit p2 d3\" data-digit=\"3\"><span class=\"n0\">0<\/span><span class=\"n1\">1<\/span><span class=\"n2\">2<\/span><span class=\"n3\">3<\/span><span class=\"n4\">4<\/span><span class=\"n5\">5<\/span><span class=\"n6\">6<\/span><span class=\"n7\">7<\/span><span class=\"n8\">8<\/span><span class=\"n9\">9<\/span><span class=\"n0\">0<\/span><\/span><span class=\"onedigit p1 d9\" data-digit=\"9\"><span class=\"n0\">0<\/span><span class=\"n1\">1<\/span><span class=\"n2\">2<\/span><span class=\"n3\">3<\/span><span class=\"n4\">4<\/span><span class=\"n5\">5<\/span><span class=\"n6\">6<\/span><span class=\"n7\">7<\/span><span class=\"n8\">8<\/span><span class=\"n9\">9<\/span><span class=\"n0\">0<\/span><\/span><\/span><\/div><\/div><\/div><\/div><div class=\"bt_bb_price_list_title\">CLASES EN GRUPO<\/div><div class=\"bt_bb_price_list_description\">2 clases semanales de 50 minutos cada una. M\u00e1ximo 12 alumnos del mismo nivel<\/div><\/div><div class=\"bt_bb_separator bt_bb_border_style_none bt_bb_bottom_spacing_medium\" data-bt-override-class=\"null\"><\/div><\/div><\/div><\/div><div  class=\"bt_bb_column col-xxl-4 col-xl-4 bt_bb_vertical_align_top bt_bb_align_center bt_bb_padding_double bt_bb_animation_fade_in animate bt_bb_shape_inherit\" style=\"; --column-width:4;\" data-width=\"4\" data-bt-override-class=\"{}\"><div class=\"bt_bb_column_content\"><div class=\"bt_bb_column_content_inner\"><div class=\"bt_bb_price_list bt_bb_style_borderless bt_bb_color_scheme_5\" style=\"; --price-list-primary-color:#191919; --price-list-secondary-color:#ff1f1f;\"><div class=\"bt_bb_price_list_supertitle\">\u20ac\/mes<\/div><div class=\"bt_bb_price_list_price\"><span class=\"bt_bb_price_list_currency\"><\/span><div class=\"bt_bb_price_list_amount\"><div class=\"bt_bb_counter_holder btNoIcon\" data-bt-override-class=\"null\"><div class=\"bt_bb_counter_content\"><span class=\"bt_bb_counter animate\" data-digit-length=\"2\"><span class=\"onedigit p2 d6\" data-digit=\"6\"><span class=\"n0\">0<\/span><span class=\"n1\">1<\/span><span class=\"n2\">2<\/span><span class=\"n3\">3<\/span><span class=\"n4\">4<\/span><span class=\"n5\">5<\/span><span class=\"n6\">6<\/span><span class=\"n7\">7<\/span><span class=\"n8\">8<\/span><span class=\"n9\">9<\/span><span class=\"n0\">0<\/span><\/span><span class=\"onedigit p1 d9\" data-digit=\"9\"><span class=\"n0\">0<\/span><span class=\"n1\">1<\/span><span class=\"n2\">2<\/span><span class=\"n3\">3<\/span><span class=\"n4\">4<\/span><span class=\"n5\">5<\/span><span class=\"n6\">6<\/span><span class=\"n7\">7<\/span><span class=\"n8\">8<\/span><span class=\"n9\">9<\/span><span class=\"n0\">0<\/span><\/span><\/span><\/div><\/div><\/div><\/div><div class=\"bt_bb_price_list_title\">CLASES EN MINI GRUPO<\/div><div class=\"bt_bb_price_list_description\">2 clases semanales de 50 minutos cada una. M\u00e1ximo 6 alumnos del mismo nivel<\/div><\/div><div class=\"bt_bb_separator bt_bb_border_style_none bt_bb_bottom_spacing_medium\" data-bt-override-class=\"null\"><\/div><\/div><\/div><\/div><div  class=\"bt_bb_column col-xxl-4 col-xl-4 bt_bb_vertical_align_top bt_bb_align_center bt_bb_padding_double bt_bb_animation_fade_in animate bt_bb_shape_inherit\" style=\"; --column-width:4;\" data-width=\"4\" data-bt-override-class=\"{}\"><div class=\"bt_bb_column_content\"><div class=\"bt_bb_column_content_inner\"><div class=\"bt_bb_price_list bt_bb_style_borderless bt_bb_color_scheme_5\" style=\"; --price-list-primary-color:#191919; --price-list-secondary-color:#ff1f1f;\"><div class=\"bt_bb_price_list_supertitle\">\u20ac\/mes<\/div><div class=\"bt_bb_price_list_price\"><span class=\"bt_bb_price_list_currency\"><\/span><div class=\"bt_bb_price_list_amount\"><div class=\"bt_bb_counter_holder btNoIcon\" data-bt-override-class=\"null\"><div class=\"bt_bb_counter_content\"><span class=\"bt_bb_counter animate\" data-digit-length=\"3\"><span class=\"onedigit p3 d2\" data-digit=\"2\"><span class=\"n0\">0<\/span><span class=\"n1\">1<\/span><span class=\"n2\">2<\/span><span class=\"n3\">3<\/span><span class=\"n4\">4<\/span><span class=\"n5\">5<\/span><span class=\"n6\">6<\/span><span class=\"n7\">7<\/span><span class=\"n8\">8<\/span><span class=\"n9\">9<\/span><span class=\"n0\">0<\/span><\/span><span class=\"onedigit p2 d5\" data-digit=\"5\"><span class=\"n0\">0<\/span><span class=\"n1\">1<\/span><span class=\"n2\">2<\/span><span class=\"n3\">3<\/span><span class=\"n4\">4<\/span><span class=\"n5\">5<\/span><span class=\"n6\">6<\/span><span class=\"n7\">7<\/span><span class=\"n8\">8<\/span><span class=\"n9\">9<\/span><span class=\"n0\">0<\/span><\/span><span class=\"onedigit p1 d9\" data-digit=\"9\"><span class=\"n0\">0<\/span><span class=\"n1\">1<\/span><span class=\"n2\">2<\/span><span class=\"n3\">3<\/span><span class=\"n4\">4<\/span><span class=\"n5\">5<\/span><span class=\"n6\">6<\/span><span class=\"n7\">7<\/span><span class=\"n8\">8<\/span><span class=\"n9\">9<\/span><span class=\"n0\">0<\/span><\/span><\/span><\/div><\/div><\/div><\/div><div class=\"bt_bb_price_list_title\">CLASES PARTICULARES<\/div><div class=\"bt_bb_price_list_description\">2 clases semanales de 50 minutos cada una. Clase individual<\/div><\/div><div class=\"bt_bb_separator bt_bb_border_style_none bt_bb_bottom_spacing_medium\" data-bt-override-class=\"null\"><\/div><\/div><\/div><\/div><\/div><\/div><div class=\"bt_bb_row  bt_bb_shape_inherit\"  data-bt-override-class=\"{}\"><div class=\"bt_bb_row_holder\" ><div  class=\"bt_bb_column col-xxl-12 col-xl-12 bt_bb_vertical_align_top bt_bb_align_center bt_bb_padding_normal bt_bb_shape_inherit\" style=\"; --column-width:12;\" data-width=\"12\" data-bt-override-class=\"{}\"><div class=\"bt_bb_column_content\"><div class=\"bt_bb_column_content_inner\"><div class=\"bt_bb_button bt_bb_color_scheme_2 bt_bb_icon_position_right bt_bb_style_outline bt_bb_size_large bt_bb_width_inline bt_bb_shape_inherit bt_bb_target_blank bt_bb_align_inherit\" style=\"; --primary-color:#191919; --secondary-color:#ffffff;\" data-bt-override-class=\"{}\"><a href=\"https:\/\/www.nativelearn.com\/online\/reserva\/\" target=\"_blank\" class=\"bt_bb_link\" title=\"RESERVA AHORA\"><span class=\"bt_bb_button_text\" >RESERVA AHORA<\/span><span  data-ico-dripicons=\"&#xe90c;\" class=\"bt_bb_icon_holder\"><\/span><\/a><\/div><\/div><\/div><\/div><\/div><\/div><\/div><\/div><\/div><\/section><\/p>\n","protected":false},"excerpt":{"rendered":"","protected":false},"author":1,"featured_media":0,"parent":2040,"menu_order":0,"comment_status":"closed","ping_status":"closed","template":"","meta":{"footnotes":""},"class_list":["post-3376","page","type-page","status-publish","hentry"],"_links":{"self":[{"href":"https:\/\/www.nativelearn.com\/online\/wp-json\/wp\/v2\/pages\/3376","targetHints":{"allow":["GET"]}}],"collection":[{"href":"https:\/\/www.nativelearn.com\/online\/wp-json\/wp\/v2\/pages"}],"about":[{"href":"https:\/\/www.nativelearn.com\/online\/wp-json\/wp\/v2\/types\/page"}],"author":[{"embeddable":true,"href":"https:\/\/www.nativelearn.com\/online\/wp-json\/wp\/v2\/users\/1"}],"replies":[{"embeddable":true,"href":"https:\/\/www.nativelearn.com\/online\/wp-json\/wp\/v2\/comments?post=3376"}],"version-history":[{"count":5,"href":"https:\/\/www.nativelearn.com\/online\/wp-json\/wp\/v2\/pages\/3376\/revisions"}],"predecessor-version":[{"id":3664,"href":"https:\/\/www.nativelearn.com\/online\/wp-json\/wp\/v2\/pages\/3376\/revisions\/3664"}],"up":[{"embeddable":true,"href":"https:\/\/www.nativelearn.com\/online\/wp-json\/wp\/v2\/pages\/2040"}],"wp:attachment":[{"href":"https:\/\/www.nativelearn.com\/online\/wp-json\/wp\/v2\/media?parent=3376"}],"curies":[{"name":"wp","href":"https:\/\/api.w.org\/{rel}","templated":true}]}}