{"id":3381,"date":"2020-08-01T13:27:36","date_gmt":"2020-08-01T11:27:36","guid":{"rendered":"https:\/\/www.nativelearn.com\/online\/?page_id=3381"},"modified":"2020-08-29T19:54:22","modified_gmt":"2020-08-29T17:54:22","slug":"precios","status":"publish","type":"page","link":"https:\/\/www.nativelearn.com\/online\/reserva\/precios\/","title":{"rendered":"Precios"},"content":{"rendered":"<p><section id=\"bt_bb_section69fca96a9f024\"  class=\"bt_bb_section bt_bb_layout_boxed_1200 bt_bb_vertical_align_top bt_bb_top_spacing_large bt_bb_bottom_spacing_medium bt_bb_section_with_top_coverage_image\"  data-bt-override-class=\"null\"><div class=\"bt_bb_port\"><div class=\"bt_bb_cell\"><div class=\"bt_bb_cell_inner\"><div class=\"bt_bb_row  bt_bb_column_gap_0 bt_bb_shape_inherit\" style=\"; --column-gap:0px;\" data-bt-override-class=\"{}\"><div class=\"bt_bb_row_holder\" ><div  class=\"bt_bb_column col-xxl-12 col-xl-12 bt_bb_vertical_align_bottom bt_bb_align_left bt_bb_padding_normal bt_bb_animation_fade_in animate bt_bb_shape_inherit\" style=\"; --column-width:12;\" data-width=\"12\" data-bt-override-class=\"{}\"><div class=\"bt_bb_column_content\"><div class=\"bt_bb_column_content_inner\"><header class=\"bt_bb_headline bt_bb_dash_top_bottom bt_bb_size_large bt_bb_align_inherit\" data-bt-override-class=\"{}\"><h3 class=\"bt_bb_headline_tag\"><span class=\"bt_bb_headline_content\"><span>Precios<\/span><\/span><\/h3><\/header><div class=\"bt_bb_separator bt_bb_border_style_none bt_bb_bottom_spacing_100\" data-bt-override-class=\"null\"><\/div><\/div><\/div><\/div><\/div><\/div><div class=\"bt_bb_row  bt_bb_column_gap_30 bt_bb_shape_inherit\" style=\"; --column-gap:30px;\" data-bt-override-class=\"{}\"><div class=\"bt_bb_row_holder\" ><div  class=\"bt_bb_column col-xxl-6 col-xl-6 bt_bb_vertical_align_top bt_bb_align_left bt_bb_padding_normal bt_bb_animation_fade_in animate bt_bb_shape_inherit\" style=\"; --column-width:6;\" data-width=\"6\" data-bt-override-class=\"{}\"><div class=\"bt_bb_column_content\"><div class=\"bt_bb_column_content_inner\"><div  class=\"bt_bb_text\" ><\/p>\n<p>Disponemos de dos tipos de grupos en funci\u00f3n del tama\u00f1o: minigrupos con un m\u00e1ximo de 6 alumnos, y grupos con un m\u00e1ximo de 12 alumnos. Al realizar la <a href=\"https:\/\/www.nativelearn.com\/online\/reserva\/\" target=\"_blank\" rel=\"noopener noreferrer\">reserva<\/a>, elige el tama\u00f1o de grupo que te encaje mejor. Tambi\u00e9n disponemos de<a href=\"https:\/\/www.nativelearn.com\/online\/cursos\/particulares\/\"> clases particulares<\/a> a medida, con un \u00fanico profesor para un \u00fanico alumno.<\/p>\n<p>Las clases se contratan por un per\u00edodo m\u00ednimo de un trimestre (3 meses) o curso completo (9 meses, de octubre a junio). La mayor\u00eda de los grupos comienzan el 1 de octubre, aunque los alumnos pueden incorporarse cuando quieran ya que creamos nuevos grupos a lo largo de todo el a\u00f1o. El precio de las clases de Grupo es de 39\u20ac\/mes (m\u00e1ximo 12 alumno), 69\u20ac\/mes el del minigrupo (m\u00e1ximo 6 alumnos), y de 259\u20ac\/mes las clases particulares.<\/p>\n<p>Para la contrataci\u00f3n de curso completo de 3 trimestres (desde octubre a junio), disponemos s\u00f3lo en septiembre de la promoci\u00f3n de matr\u00edcula gratuita (45\u20ac de ahorro). La cuota de matr\u00edcula anual de cada alumno es de 45\u20ac, y no es reembolsable. Para cada tipo de curso y nivel, enviamos un libro en papel al domicilio del alumno, ya que algunas de las clases online requieren que los alumnos lo utilicen. Adicionalmente, con la matr\u00edcula, el alumno recibe acceso individual a nuestra plataforma digital de lecturas y ejercicios en ingl\u00e9s, que puede utilizar en cualquier momento durante la duraci\u00f3n del curso.<\/p>\n<p>\n<\/div><div class=\"bt_bb_separator bt_bb_border_style_none bt_bb_bottom_spacing_medium\" data-bt-override-class=\"null\"><\/div><\/div><\/div><\/div><div  class=\"bt_bb_column col-xxl-6 col-xl-6 bt_bb_vertical_align_top bt_bb_align_left bt_bb_padding_normal bt_bb_animation_fade_in animate bt_bb_shape_inherit\" style=\"; --column-width:6;\" data-width=\"6\" data-bt-override-class=\"{}\"><div class=\"bt_bb_column_content\"><div class=\"bt_bb_column_content_inner\"><div class=\"bt_bb_accordion bt_bb_color_scheme_3 bt_bb_style_simple bt_bb_shape_square\" style=\"; --accordion-primary-color:#ff1f1f; --accordion-secondary-color:#191919;\" data-closed=closed><div class=\"bt_bb_accordion_item btWithIcon\"><div class=\"bt_bb_accordion_item_title_content\"><span  data-ico-dripicons=\"&#xe9ae;\" class=\"bt_bb_icon_holder\"><\/span><div class=\"bt_bb_accordion_item_title\">CLASES Y HORARIOS<\/div><\/div><div class=\"bt_bb_accordion_item_content\"><div  class=\"bt_bb_text\" >\n<p>Todos nuestros cursos son de dos sesiones semanales, de 50 minutos cada una, siempre con un profesor nativo. Al reservar, podr\u00e1s elegir entre 4 horarios distintos, eligiendo entre lunes-mi\u00e9rcoles o martes-jueves y en dos horarios distintos por la tarde, entre las 16:00 y las 20:00. Si esos horarios no te encajan, puedes contratar Clases particulares, y elegir el horario que quieras, incluso eligiendo juntar las dos sesiones en un \u00fanico d\u00eda, o incluso los s\u00e1bados.<\/p>\n<\/div>\n<\/div><\/div><div class=\"bt_bb_accordion_item btWithIcon\"><div class=\"bt_bb_accordion_item_title_content\"><span  data-ico-artistic=\"&#xf12d;\" class=\"bt_bb_icon_holder\"><\/span><div class=\"bt_bb_accordion_item_title\">QU\u00c9 INCLUYE LA MATR\u00cdCULA<\/div><\/div><div class=\"bt_bb_accordion_item_content\"><div  class=\"bt_bb_text\" >\n<p>La cuota de matr\u00edcula anual de cada alumno es de 45\u20ac, y no es reembolsable. Para cada tipo de curso y nivel, enviamos un libro en papel al domicilio del alumno, ya que algunas de las clases online requieren que los alumnos lo utilicen. Adicionalmente, con la matr\u00edcula, el alumno recibe acceso individual a nuestra plataforma digital de lecturas y ejercicios en ingl\u00e9s, que puede utilizar en cualquier momento durante la duraci\u00f3n del curso. Para la contrataci\u00f3n de cursos de 3 trimestres (9 meses), disponemos actualmente de una promoci\u00f3n de matr\u00edcula gratuita (45\u20ac de ahorro).<\/p>\n<\/div>\n<\/div><\/div><div class=\"bt_bb_accordion_item btWithIcon\"><div class=\"bt_bb_accordion_item_title_content\"><span  data-ico-development=\"&#xf110;\" class=\"bt_bb_icon_holder\"><\/span><div class=\"bt_bb_accordion_item_title\">CALENDARIO: COMIENZA CUANDO QUIERAS<\/div><\/div><div class=\"bt_bb_accordion_item_content\"><div  class=\"bt_bb_text\" >\n<p>Aunque la mayor\u00eda de los grupos comienzan el 1 de octubre, los alumnos pueden contratar el curso en cualquier momento del a\u00f1o, ya que creamos nuevos grupos continuamente. El calendario de clases coincide con el calendario escolar de la Comunidad de Madrid con los mismos festivos y per\u00edodos vacacionales.<\/p>\n<\/div>\n<\/div><\/div><div class=\"bt_bb_accordion_item btWithIcon\"><div class=\"bt_bb_accordion_item_title_content\"><span  data-ico-fontawesome=\"&#xf19c;\" class=\"bt_bb_icon_holder\"><\/span><div class=\"bt_bb_accordion_item_title\">PAGO POR DOMICILIACI\u00d3N<\/div><\/div><div class=\"bt_bb_accordion_item_content\"><div  class=\"bt_bb_text\" >\n<p>Los cobros de las clases se hacen exclusivamente mediante domiciliaci\u00f3n bancaria, al principio de cada trimestre o a\u00f1o.<\/p>\n<\/div>\n<\/div><\/div><div class=\"bt_bb_accordion_item btWithIcon\"><div class=\"bt_bb_accordion_item_title_content\"><span  data-ico-essential=\"&#xe985;\" class=\"bt_bb_icon_holder\"><\/span><div class=\"bt_bb_accordion_item_title\">GRUPOS HOMOG\u00c9NEOS<\/div><\/div><div class=\"bt_bb_accordion_item_content\"><div  class=\"bt_bb_text\" >\n<p>Para maximizar el aprendizaje, todos los alumnos de un grupo tienen un nivel similar de ingl\u00e9s, por lo que evaluamos a cada alumno los primeros d\u00edas en el grupo para garantizar que su nivel es el \u00f3ptimo. En caso de que el profesor observe que el nivel no se corresponde (por alto o por bajo), proponemos un cambio a otro grupo en el que encaje mejor.<\/p>\n<\/div>\n<\/div><\/div><\/div><div class=\"bt_bb_separator bt_bb_border_style_none bt_bb_bottom_spacing_medium\" data-bt-override-class=\"null\"><\/div><\/div><\/div><\/div><\/div><\/div><div class=\"bt_bb_row  bt_bb_shape_inherit\"  data-bt-override-class=\"{}\"><div class=\"bt_bb_row_holder\" ><div  class=\"bt_bb_column col-xxl-12 col-xl-12 bt_bb_vertical_align_top bt_bb_align_center bt_bb_padding_normal bt_bb_shape_inherit\" style=\"; --column-width:12;\" data-width=\"12\" data-bt-override-class=\"{}\"><div class=\"bt_bb_column_content\"><div class=\"bt_bb_column_content_inner\"><div class=\"bt_bb_button bt_bb_color_scheme_2 bt_bb_icon_position_right bt_bb_style_outline bt_bb_size_large bt_bb_width_inline bt_bb_shape_inherit bt_bb_target_blank bt_bb_align_inherit\" style=\"; --primary-color:#191919; --secondary-color:#ffffff;\" data-bt-override-class=\"{}\"><a href=\"https:\/\/www.nativelearn.com\/online\/reserva\/\" target=\"_blank\" class=\"bt_bb_link\" title=\"RESERVA AHORA\"><span class=\"bt_bb_button_text\" >RESERVA AHORA<\/span><span  data-ico-dripicons=\"&#xe90c;\" class=\"bt_bb_icon_holder\"><\/span><\/a><\/div><\/div><\/div><\/div><\/div><\/div><\/div><\/div><\/div><div class=\"bt_bb_section_top_section_coverage_image\"><img decoding=\"async\" src=\"https:\/\/www.nativelearn.com\/online\/wp-content\/uploads\/background_07.jpg\" alt=\"bt_bb_section_top_section_coverage_image\" \/><\/div><\/section><section id=\"bt_bb_section69fca96aa0964\" data-parallax=\"0.6\" data-parallax-offset=\"0\" data-background_image_src=\"'https:\/\/www.nativelearn.com\/online\/wp-content\/uploads\/pattern.jpg'\" class=\"bt_bb_section bt_bb_color_scheme_5 bt_bb_layout_boxed_1200 bt_bb_vertical_align_top btLazyLoadBackground bt_bb_background_image bt_bb_parallax bt_bb_top_spacing_large bt_bb_bottom_spacing_large\" style=\"background-image:url(&#039;https:\/\/www.nativelearn.com\/online\/wp-content\/plugins\/bold-page-builder\/img\/blank.gif&#039;);; --section-primary-color:#191919; --section-secondary-color:#ff1f1f;\" data-bt-override-class=\"null\"><div class=\"bt_bb_port\"><div class=\"bt_bb_cell\"><div class=\"bt_bb_cell_inner\"><div class=\"bt_bb_row  bt_bb_column_gap_10 bt_bb_shape_inherit\" style=\"; --column-gap:10px;\" data-bt-override-class=\"{}\"><div class=\"bt_bb_row_holder\" ><div  class=\"bt_bb_column col-xxl-4 col-xl-4 bt_bb_vertical_align_top bt_bb_align_center bt_bb_padding_double bt_bb_animation_fade_in animate bt_bb_shape_inherit\" style=\"; --column-width:4;\" data-width=\"4\" data-bt-override-class=\"{}\"><div class=\"bt_bb_column_content\"><div class=\"bt_bb_column_content_inner\"><div class=\"bt_bb_price_list bt_bb_style_borderless bt_bb_color_scheme_5\" style=\"; --price-list-primary-color:#191919; --price-list-secondary-color:#ff1f1f;\"><div class=\"bt_bb_price_list_supertitle\">\u20ac\/mes<\/div><div class=\"bt_bb_price_list_price\"><span class=\"bt_bb_price_list_currency\"><\/span><div class=\"bt_bb_price_list_amount\"><div class=\"bt_bb_counter_holder btNoIcon\" data-bt-override-class=\"null\"><div class=\"bt_bb_counter_content\"><span class=\"bt_bb_counter animate\" data-digit-length=\"2\"><span class=\"onedigit p2 d3\" data-digit=\"3\"><span class=\"n0\">0<\/span><span class=\"n1\">1<\/span><span class=\"n2\">2<\/span><span class=\"n3\">3<\/span><span class=\"n4\">4<\/span><span class=\"n5\">5<\/span><span class=\"n6\">6<\/span><span class=\"n7\">7<\/span><span class=\"n8\">8<\/span><span class=\"n9\">9<\/span><span class=\"n0\">0<\/span><\/span><span class=\"onedigit p1 d9\" data-digit=\"9\"><span class=\"n0\">0<\/span><span class=\"n1\">1<\/span><span class=\"n2\">2<\/span><span class=\"n3\">3<\/span><span class=\"n4\">4<\/span><span class=\"n5\">5<\/span><span class=\"n6\">6<\/span><span class=\"n7\">7<\/span><span class=\"n8\">8<\/span><span class=\"n9\">9<\/span><span class=\"n0\">0<\/span><\/span><\/span><\/div><\/div><\/div><\/div><div class=\"bt_bb_price_list_title\">CLASES EN GRUPO<\/div><div class=\"bt_bb_price_list_description\">2 clases semanales de 50 minutos cada una. M\u00e1ximo 12 alumnos del mismo nivel<\/div><\/div><div class=\"bt_bb_separator bt_bb_border_style_none bt_bb_bottom_spacing_medium\" data-bt-override-class=\"null\"><\/div><\/div><\/div><\/div><div  class=\"bt_bb_column col-xxl-4 col-xl-4 bt_bb_vertical_align_top bt_bb_align_center bt_bb_padding_double bt_bb_animation_fade_in animate bt_bb_shape_inherit\" style=\"; --column-width:4;\" data-width=\"4\" data-bt-override-class=\"{}\"><div class=\"bt_bb_column_content\"><div class=\"bt_bb_column_content_inner\"><div class=\"bt_bb_price_list bt_bb_style_borderless bt_bb_color_scheme_5\" style=\"; --price-list-primary-color:#191919; --price-list-secondary-color:#ff1f1f;\"><div class=\"bt_bb_price_list_supertitle\">\u20ac\/mes<\/div><div class=\"bt_bb_price_list_price\"><span class=\"bt_bb_price_list_currency\"><\/span><div class=\"bt_bb_price_list_amount\"><div class=\"bt_bb_counter_holder btNoIcon\" data-bt-override-class=\"null\"><div class=\"bt_bb_counter_content\"><span class=\"bt_bb_counter animate\" data-digit-length=\"2\"><span class=\"onedigit p2 d6\" data-digit=\"6\"><span class=\"n0\">0<\/span><span class=\"n1\">1<\/span><span class=\"n2\">2<\/span><span class=\"n3\">3<\/span><span class=\"n4\">4<\/span><span class=\"n5\">5<\/span><span class=\"n6\">6<\/span><span class=\"n7\">7<\/span><span class=\"n8\">8<\/span><span class=\"n9\">9<\/span><span class=\"n0\">0<\/span><\/span><span class=\"onedigit p1 d9\" data-digit=\"9\"><span class=\"n0\">0<\/span><span class=\"n1\">1<\/span><span class=\"n2\">2<\/span><span class=\"n3\">3<\/span><span class=\"n4\">4<\/span><span class=\"n5\">5<\/span><span class=\"n6\">6<\/span><span class=\"n7\">7<\/span><span class=\"n8\">8<\/span><span class=\"n9\">9<\/span><span class=\"n0\">0<\/span><\/span><\/span><\/div><\/div><\/div><\/div><div class=\"bt_bb_price_list_title\">CLASES EN MINI GRUPO<\/div><div class=\"bt_bb_price_list_description\">2 clases semanales de 50 minutos cada una. M\u00e1ximo 6 alumnos del mismo nivel<\/div><\/div><div class=\"bt_bb_separator bt_bb_border_style_none bt_bb_bottom_spacing_medium\" data-bt-override-class=\"null\"><\/div><\/div><\/div><\/div><div  class=\"bt_bb_column col-xxl-4 col-xl-4 bt_bb_vertical_align_top bt_bb_align_center bt_bb_padding_double bt_bb_animation_fade_in animate bt_bb_shape_inherit\" style=\"; --column-width:4;\" data-width=\"4\" data-bt-override-class=\"{}\"><div class=\"bt_bb_column_content\"><div class=\"bt_bb_column_content_inner\"><div class=\"bt_bb_price_list bt_bb_style_borderless bt_bb_color_scheme_5\" style=\"; --price-list-primary-color:#191919; --price-list-secondary-color:#ff1f1f;\"><div class=\"bt_bb_price_list_supertitle\">\u20ac\/mes<\/div><div class=\"bt_bb_price_list_price\"><span class=\"bt_bb_price_list_currency\"><\/span><div class=\"bt_bb_price_list_amount\"><div class=\"bt_bb_counter_holder btNoIcon\" data-bt-override-class=\"null\"><div class=\"bt_bb_counter_content\"><span class=\"bt_bb_counter animate\" data-digit-length=\"3\"><span class=\"onedigit p3 d2\" data-digit=\"2\"><span class=\"n0\">0<\/span><span class=\"n1\">1<\/span><span class=\"n2\">2<\/span><span class=\"n3\">3<\/span><span class=\"n4\">4<\/span><span class=\"n5\">5<\/span><span class=\"n6\">6<\/span><span class=\"n7\">7<\/span><span class=\"n8\">8<\/span><span class=\"n9\">9<\/span><span class=\"n0\">0<\/span><\/span><span class=\"onedigit p2 d5\" data-digit=\"5\"><span class=\"n0\">0<\/span><span class=\"n1\">1<\/span><span class=\"n2\">2<\/span><span class=\"n3\">3<\/span><span class=\"n4\">4<\/span><span class=\"n5\">5<\/span><span class=\"n6\">6<\/span><span class=\"n7\">7<\/span><span class=\"n8\">8<\/span><span class=\"n9\">9<\/span><span class=\"n0\">0<\/span><\/span><span class=\"onedigit p1 d9\" data-digit=\"9\"><span class=\"n0\">0<\/span><span class=\"n1\">1<\/span><span class=\"n2\">2<\/span><span class=\"n3\">3<\/span><span class=\"n4\">4<\/span><span class=\"n5\">5<\/span><span class=\"n6\">6<\/span><span class=\"n7\">7<\/span><span class=\"n8\">8<\/span><span class=\"n9\">9<\/span><span class=\"n0\">0<\/span><\/span><\/span><\/div><\/div><\/div><\/div><div class=\"bt_bb_price_list_title\">CLASES PARTICULARES<\/div><div class=\"bt_bb_price_list_description\">2 clases semanales de 50 minutos cada una. Clase individual<\/div><\/div><div class=\"bt_bb_separator bt_bb_border_style_none bt_bb_bottom_spacing_medium\" data-bt-override-class=\"null\"><\/div><\/div><\/div><\/div><\/div><\/div><div class=\"bt_bb_row  bt_bb_shape_inherit\"  data-bt-override-class=\"{}\"><div class=\"bt_bb_row_holder\" ><div  class=\"bt_bb_column col-xxl-12 col-xl-12 bt_bb_vertical_align_top bt_bb_align_center bt_bb_padding_normal bt_bb_shape_inherit\" style=\"; --column-width:12;\" data-width=\"12\" data-bt-override-class=\"{}\"><div class=\"bt_bb_column_content\"><div class=\"bt_bb_column_content_inner\"><div class=\"bt_bb_button bt_bb_color_scheme_2 bt_bb_icon_position_right bt_bb_style_outline bt_bb_size_large bt_bb_width_inline bt_bb_shape_inherit bt_bb_target_blank bt_bb_align_inherit\" style=\"; --primary-color:#191919; --secondary-color:#ffffff;\" data-bt-override-class=\"{}\"><a href=\"https:\/\/www.nativelearn.com\/online\/reserva\/\" target=\"_blank\" class=\"bt_bb_link\" title=\"RESERVA AHORA\"><span class=\"bt_bb_button_text\" >RESERVA AHORA<\/span><span  data-ico-dripicons=\"&#xe90c;\" class=\"bt_bb_icon_holder\"><\/span><\/a><\/div><\/div><\/div><\/div><\/div><\/div><\/div><\/div><\/div><\/section><\/p>\n","protected":false},"excerpt":{"rendered":"","protected":false},"author":1,"featured_media":0,"parent":3339,"menu_order":0,"comment_status":"closed","ping_status":"closed","template":"","meta":{"footnotes":""},"class_list":["post-3381","page","type-page","status-publish","hentry"],"_links":{"self":[{"href":"https:\/\/www.nativelearn.com\/online\/wp-json\/wp\/v2\/pages\/3381","targetHints":{"allow":["GET"]}}],"collection":[{"href":"https:\/\/www.nativelearn.com\/online\/wp-json\/wp\/v2\/pages"}],"about":[{"href":"https:\/\/www.nativelearn.com\/online\/wp-json\/wp\/v2\/types\/page"}],"author":[{"embeddable":true,"href":"https:\/\/www.nativelearn.com\/online\/wp-json\/wp\/v2\/users\/1"}],"replies":[{"embeddable":true,"href":"https:\/\/www.nativelearn.com\/online\/wp-json\/wp\/v2\/comments?post=3381"}],"version-history":[{"count":11,"href":"https:\/\/www.nativelearn.com\/online\/wp-json\/wp\/v2\/pages\/3381\/revisions"}],"predecessor-version":[{"id":3610,"href":"https:\/\/www.nativelearn.com\/online\/wp-json\/wp\/v2\/pages\/3381\/revisions\/3610"}],"up":[{"embeddable":true,"href":"https:\/\/www.nativelearn.com\/online\/wp-json\/wp\/v2\/pages\/3339"}],"wp:attachment":[{"href":"https:\/\/www.nativelearn.com\/online\/wp-json\/wp\/v2\/media?parent=3381"}],"curies":[{"name":"wp","href":"https:\/\/api.w.org\/{rel}","templated":true}]}}