{"id":3392,"date":"2020-08-01T14:23:35","date_gmt":"2020-08-01T12:23:35","guid":{"rendered":"https:\/\/www.nativelearn.com\/online\/?page_id=3392"},"modified":"2020-08-01T23:30:11","modified_gmt":"2020-08-01T21:30:11","slug":"plataforma-digital-refuerzo","status":"publish","type":"page","link":"https:\/\/www.nativelearn.com\/online\/conocenos\/plataforma-digital-refuerzo\/","title":{"rendered":"Plataforma digital de refuerzo"},"content":{"rendered":"<p><section id=\"bt_bb_section69fcc74ea681f\"  class=\"bt_bb_section bt_bb_layout_boxed_1200 bt_bb_vertical_align_top bt_bb_top_spacing_large bt_bb_bottom_spacing_medium bt_bb_section_with_top_coverage_image\"  data-bt-override-class=\"null\"><div class=\"bt_bb_port\"><div class=\"bt_bb_cell\"><div class=\"bt_bb_cell_inner\"><div class=\"bt_bb_row  bt_bb_column_gap_0 bt_bb_shape_inherit\" style=\"; --column-gap:0px;\" data-bt-override-class=\"{}\"><div class=\"bt_bb_row_holder\" ><div  class=\"bt_bb_column col-xxl-12 col-xl-12 bt_bb_vertical_align_bottom bt_bb_align_left bt_bb_padding_normal bt_bb_animation_fade_in animate bt_bb_shape_inherit\" style=\"; --column-width:12;\" data-width=\"12\" data-bt-override-class=\"{}\"><div class=\"bt_bb_column_content\"><div class=\"bt_bb_column_content_inner\"><header class=\"bt_bb_headline bt_bb_dash_top_bottom bt_bb_size_large bt_bb_align_inherit\" data-bt-override-class=\"{}\"><h3 class=\"bt_bb_headline_tag\"><span class=\"bt_bb_headline_content\"><span>Plataforma digital de refuerzo<\/span><\/span><\/h3><\/header><div class=\"bt_bb_separator bt_bb_border_style_none bt_bb_bottom_spacing_100\" data-bt-override-class=\"null\"><\/div><\/div><\/div><\/div><\/div><\/div><div class=\"bt_bb_row  bt_bb_column_gap_30 bt_bb_shape_inherit\" style=\"; --column-gap:30px;\" data-bt-override-class=\"{}\"><div class=\"bt_bb_row_holder\" ><div  class=\"bt_bb_column col-xxl-6 col-xl-6 bt_bb_vertical_align_top bt_bb_align_left bt_bb_padding_normal bt_bb_animation_fade_in animate bt_bb_shape_inherit\" style=\"; --column-width:6;\" data-width=\"6\" data-bt-override-class=\"{}\"><div class=\"bt_bb_column_content\"><div class=\"bt_bb_column_content_inner\"><div  class=\"bt_bb_text\" ><\/p>\n<div class=\"fusion-builder-row fusion-builder-row-inner fusion-row \">\n<div class=\"fusion-layout-column fusion_builder_column fusion_builder_column_3_4 fusion-builder-nested-column-2 fusion-three-fourth fusion-column-last 3_4\">\n<div class=\"fusion-column-wrapper fusion-column-wrapper-2\" data-bg-url=\"\">\n<div class=\"fusion-text\">\n<p>Adem\u00e1s de nuestras clases presenciales con profesores nativos, en Native Learn a\u00f1adimos a nuestros cursos el uso individual de la plataforma digital de aprendizaje de Milton Education como complemento. Native Learn incluye para cada alumno de nuestras clases online una licencia individual de acceso para que cada alumno practiquen a\u00fan m\u00e1s ingl\u00e9s en cualquier dispositivo.<\/p>\n<p>La plataforma digital de Milton Education es una aplicaci\u00f3n educativa que incluye m\u00e1s de 600 audiolecturas, v\u00eddeos, y 30.000 ejercicios de ingl\u00e9s para que los alumnos de cualquier edad (desde los 5 a\u00f1os hasta adultos) puedan hacer lectura graduada y ejercicios de pr\u00e1ctica de ex\u00e1menes Cambridge en cualquier momento. La aplicaci\u00f3n se puede utilizar en cualquier ordenador, tablet o tel\u00e9fono m\u00f3vil y en cualquier momento, recomend\u00e1ndose utilizar los navegadores Chrome o Safari<\/p>\n<\/div>\n<\/div>\n<\/div>\n<\/div>\n<div class=\"fusion-text\">\n<p>Para acceder a la plataforma, los alumnos deben utilizar el usuario y contrase\u00f1a individuales que Native Learn env\u00eda a los padres y alumnos por email al principio del curso. El uso de la plataforma digital es opcional para los alumnos y es un refuerzo. Por lo tanto, no es necesario utilizarla para seguir las clases con el profesor.<\/p>\n<\/div>\n<p>\n<\/div><div class=\"bt_bb_separator bt_bb_border_style_none bt_bb_bottom_spacing_medium\" data-bt-override-class=\"null\"><\/div><\/div><\/div><\/div><div  class=\"bt_bb_column col-xxl-6 col-xl-6 bt_bb_vertical_align_top bt_bb_align_left bt_bb_padding_normal bt_bb_animation_fade_in animate bt_bb_shape_inherit\" style=\"; --column-width:6;\" data-width=\"6\" data-bt-override-class=\"{}\"><div class=\"bt_bb_column_content\"><div class=\"bt_bb_column_content_inner\"><div class=\"bt_bb_accordion bt_bb_color_scheme_3 bt_bb_style_simple bt_bb_shape_square\" style=\"; --accordion-primary-color:#ff1f1f; --accordion-secondary-color:#191919;\" data-closed=closed><div class=\"bt_bb_accordion_item btWithIcon\"><div class=\"bt_bb_accordion_item_title_content\"><span  data-ico-artistic=\"&#xf12b;\" class=\"bt_bb_icon_holder\"><\/span><div class=\"bt_bb_accordion_item_title\">PLATAFORMA DIGITAL DE REFUERZO<\/div><\/div><div class=\"bt_bb_accordion_item_content\"><div  class=\"bt_bb_text\" >\n<p>Cada alumno recibe un acceso individual para acceder a la plataforma mientras dura el curso online<\/p>\n<\/div>\n<\/div><\/div><div class=\"bt_bb_accordion_item btWithIcon\"><div class=\"bt_bb_accordion_item_title_content\"><span  data-ico-artistic=\"&#xf121;\" class=\"bt_bb_icon_holder\"><\/span><div class=\"bt_bb_accordion_item_title\">CONTENIDOS GRADUADOS EN NIVELES<\/div><\/div><div class=\"bt_bb_accordion_item_content\"><div  class=\"bt_bb_text\" >\n<p>La plataforma contiene 600 lecturas y 30.000 ejercicios en ingl\u00e9s graduadas adecuadas para alumnos desde los 5 a\u00f1os hasta adultos, cubriendo niveles de dificultad de principiante total (A1), intermedio (A2), intermedio alto (B1\/B2), Avanzado (C1) y Experto (C2).<\/p>\n<\/div>\n<\/div><\/div><div class=\"bt_bb_accordion_item btWithIcon\"><div class=\"bt_bb_accordion_item_title_content\"><span  data-ico-artistic=\"&#xf125;\" class=\"bt_bb_icon_holder\"><\/span><div class=\"bt_bb_accordion_item_title\">GAMIFICADA<\/div><\/div><div class=\"bt_bb_accordion_item_content\"><div  class=\"bt_bb_text\" >\n<p>La plataforma digital incorpora din\u00e1micas de gamificaci\u00f3n para motivar al alumno a avanzar aut\u00f3nomamente.<\/p>\n<\/div>\n<\/div><\/div><div class=\"bt_bb_accordion_item btWithIcon\"><div class=\"bt_bb_accordion_item_title_content\"><span  data-ico-artistic=\"&#xf12a;\" class=\"bt_bb_icon_holder\"><\/span><div class=\"bt_bb_accordion_item_title\">USO OPCIONAL<\/div><\/div><div class=\"bt_bb_accordion_item_content\"><div  class=\"bt_bb_text\" >\n<p>El uso por parte del alumno es completamente opcional, y no es necesario para las clases online con el profesor.<\/p>\n<\/div>\n<\/div><\/div><\/div><div class=\"bt_bb_separator bt_bb_border_style_none bt_bb_bottom_spacing_medium\" data-bt-override-class=\"null\"><\/div><\/div><\/div><\/div><\/div><\/div><div class=\"bt_bb_row  bt_bb_shape_inherit\"  data-bt-override-class=\"{}\"><div class=\"bt_bb_row_holder\" ><div  class=\"bt_bb_column col-xxl-12 col-xl-12 bt_bb_vertical_align_top bt_bb_align_center bt_bb_padding_normal bt_bb_shape_inherit\" style=\"; --column-width:12;\" data-width=\"12\" data-bt-override-class=\"{}\"><div class=\"bt_bb_column_content\"><div class=\"bt_bb_column_content_inner\"><div class=\"bt_bb_button bt_bb_color_scheme_2 bt_bb_icon_position_right bt_bb_style_outline bt_bb_size_large bt_bb_width_inline bt_bb_shape_inherit bt_bb_target_blank bt_bb_align_inherit\" style=\"; --primary-color:#191919; --secondary-color:#ffffff;\" data-bt-override-class=\"{}\"><a href=\"https:\/\/www.nativelearn.com\/online\/reserva\/\" target=\"_blank\" class=\"bt_bb_link\" title=\"RESERVA AHORA\"><span class=\"bt_bb_button_text\" >RESERVA AHORA<\/span><span  data-ico-dripicons=\"&#xe90c;\" class=\"bt_bb_icon_holder\"><\/span><\/a><\/div><\/div><\/div><\/div><\/div><\/div><\/div><\/div><\/div><div class=\"bt_bb_section_top_section_coverage_image\"><img decoding=\"async\" src=\"https:\/\/www.nativelearn.com\/online\/wp-content\/uploads\/background_07.jpg\" alt=\"bt_bb_section_top_section_coverage_image\" \/><\/div><\/section><section id=\"bt_bb_section69fcc74ea7ba3\"  class=\"bt_bb_section bt_bb_layout_boxed_1200 bt_bb_top_spacing_none bt_bb_bottom_spacing_none\"  data-bt-override-class=\"null\"><div class=\"bt_bb_port\"><div class=\"bt_bb_cell\"><div class=\"bt_bb_cell_inner\"><div class=\"bt_bb_row \"  data-bt-override-class=\"{}\"><div class=\"bt_bb_row_holder\" ><div  class=\"bt_bb_column col-xxl-12 col-xl-12 bt_bb_vertical_align_top bt_bb_align_left bt_bb_padding_normal bt_bb_shape_inherit\" style=\"; --column-width:12;\" data-width=\"12\" data-bt-override-class=\"{}\"><div class=\"bt_bb_column_content\"><div class=\"bt_bb_column_content_inner\"><div class=\"bt_bb_step_line\"><div class=\"bt_bb_inner_step\"><div class=\"bt_bb_inner_step_content bt_bb_animation_fade_in animate\"><div class=\"bt_bb_inner_step_content_holder\"><h2 class=\"bt_bb_inner_step_title\">Biblioteca de lecturas<\/h2><div class=\"bt_bb_inner_step_text\">+600 audiolecturas digitales graduadas: cada lectura es una pieza corta de ficci\u00f3n y no ficci\u00f3n de tem\u00e1tica variada para fomentar el h\u00e1bito de la lectura<\/div><div class=\"bt_bb_inner_step_inner_content\"><div class=\"bt_bb_separator bt_bb_border_style_none bt_bb_bottom_spacing_normal\" data-bt-override-class=\"null\"><\/div>\n<\/div><\/div><\/div><div class=\"bt_bb_inner_step_image bt_bb_animation_fade_in animate\"><div class=\"bt_bb_image\" data-bt-override-class=\"null\"><span><img decoding=\"async\" src=\"https:\/\/www.nativelearn.com\/online\/wp-content\/uploads\/audiolecturas.png\" title=\"audiolecturas\" alt=\"https:\/\/www.nativelearn.com\/online\/wp-content\/uploads\/audiolecturas.png\"><\/span><\/div><\/div><\/div><div class=\"bt_bb_inner_step\"><div class=\"bt_bb_inner_step_content bt_bb_animation_fade_in animate\"><div class=\"bt_bb_inner_step_content_holder\"><h2 class=\"bt_bb_inner_step_title\">30.000 ejercicios digitales graduados<\/h2><div class=\"bt_bb_inner_step_text\">30.000 preguntas de entrenamiento de vocabulario, gram\u00e1tica, comprensi\u00f3n lectora, escritura, para cada examen Cambridge: Starters, Movers, Flyers, A2 Key, B1 Preliminary, B2 First y C1 Advanced<\/div><div class=\"bt_bb_inner_step_inner_content\"><div class=\"bt_bb_separator bt_bb_border_style_none bt_bb_bottom_spacing_normal\" data-bt-override-class=\"null\"><\/div>\n<\/div><\/div><\/div><div class=\"bt_bb_inner_step_image bt_bb_animation_fade_in animate\"><div class=\"bt_bb_image\" data-bt-override-class=\"null\"><span><img decoding=\"async\" src=\"https:\/\/www.nativelearn.com\/online\/wp-content\/uploads\/detalle-de-cada-alumno.png\" title=\"detalle-de-cada-alumno\" alt=\"https:\/\/www.nativelearn.com\/online\/wp-content\/uploads\/detalle-de-cada-alumno.png\"><\/span><\/div><\/div><\/div><div class=\"bt_bb_inner_step\"><div class=\"bt_bb_inner_step_content bt_bb_animation_fade_in animate\"><div class=\"bt_bb_inner_step_content_holder\"><h2 class=\"bt_bb_inner_step_title\">Plataforma gamificada<\/h2><div class=\"bt_bb_inner_step_text\">Toda la actividad que realizan los alumnos en la plataforma digital les proporciona puntos y monedas. En el passport los alumnos deben desbloquear niveles, conseguir medallas, comprar objetos...<\/div><div class=\"bt_bb_inner_step_inner_content\"><div class=\"bt_bb_separator bt_bb_border_style_none bt_bb_bottom_spacing_normal\" data-bt-override-class=\"null\"><\/div>\n<\/div><\/div><\/div><div class=\"bt_bb_inner_step_image bt_bb_animation_fade_in animate\"><div class=\"bt_bb_image\" data-bt-override-class=\"null\"><span><img decoding=\"async\" src=\"https:\/\/www.nativelearn.com\/online\/wp-content\/uploads\/retos.png\" title=\"retos\" alt=\"https:\/\/www.nativelearn.com\/online\/wp-content\/uploads\/retos.png\"><\/span><\/div><\/div><\/div><div class=\"bt_bb_inner_step\"><div class=\"bt_bb_inner_step_content bt_bb_animation_fade_in animate\"><div class=\"bt_bb_inner_step_content_holder\"><h2 class=\"bt_bb_inner_step_title\">Estad\u00edsticas para padres<\/h2><div class=\"bt_bb_inner_step_text\">Los padres de los menores pueden ver las lecturas y actividades que ha realizado los alumnos en su Panel de padres<\/div><div class=\"bt_bb_inner_step_inner_content\"><div class=\"bt_bb_separator bt_bb_border_style_none bt_bb_bottom_spacing_normal\" data-bt-override-class=\"null\"><\/div>\n<\/div><\/div><\/div><div class=\"bt_bb_inner_step_image bt_bb_animation_fade_in animate\"><div class=\"bt_bb_image\" data-bt-override-class=\"null\"><span><img decoding=\"async\" src=\"https:\/\/www.nativelearn.com\/online\/wp-content\/uploads\/social-y-divertido.png\" title=\"social-y-divertido\" alt=\"https:\/\/www.nativelearn.com\/online\/wp-content\/uploads\/social-y-divertido.png\"><\/span><\/div><\/div><\/div><\/div><\/div><\/div><\/div><\/div><\/div><\/div><\/div><\/div><\/section><\/p>\n","protected":false},"excerpt":{"rendered":"","protected":false},"author":1,"featured_media":0,"parent":3398,"menu_order":0,"comment_status":"closed","ping_status":"closed","template":"","meta":{"footnotes":""},"class_list":["post-3392","page","type-page","status-publish","hentry"],"_links":{"self":[{"href":"https:\/\/www.nativelearn.com\/online\/wp-json\/wp\/v2\/pages\/3392","targetHints":{"allow":["GET"]}}],"collection":[{"href":"https:\/\/www.nativelearn.com\/online\/wp-json\/wp\/v2\/pages"}],"about":[{"href":"https:\/\/www.nativelearn.com\/online\/wp-json\/wp\/v2\/types\/page"}],"author":[{"embeddable":true,"href":"https:\/\/www.nativelearn.com\/online\/wp-json\/wp\/v2\/users\/1"}],"replies":[{"embeddable":true,"href":"https:\/\/www.nativelearn.com\/online\/wp-json\/wp\/v2\/comments?post=3392"}],"version-history":[{"count":6,"href":"https:\/\/www.nativelearn.com\/online\/wp-json\/wp\/v2\/pages\/3392\/revisions"}],"predecessor-version":[{"id":3419,"href":"https:\/\/www.nativelearn.com\/online\/wp-json\/wp\/v2\/pages\/3392\/revisions\/3419"}],"up":[{"embeddable":true,"href":"https:\/\/www.nativelearn.com\/online\/wp-json\/wp\/v2\/pages\/3398"}],"wp:attachment":[{"href":"https:\/\/www.nativelearn.com\/online\/wp-json\/wp\/v2\/media?parent=3392"}],"curies":[{"name":"wp","href":"https:\/\/api.w.org\/{rel}","templated":true}]}}