{"id":3398,"date":"2020-08-01T17:54:46","date_gmt":"2020-08-01T15:54:46","guid":{"rendered":"https:\/\/www.nativelearn.com\/online\/?page_id=3398"},"modified":"2020-08-14T18:03:27","modified_gmt":"2020-08-14T16:03:27","slug":"conocenos","status":"publish","type":"page","link":"https:\/\/www.nativelearn.com\/online\/conocenos\/","title":{"rendered":"Con\u00f3cenos"},"content":{"rendered":"<p><section id=\"bt_bb_section69fca7e723598\" data-parallax=\"0.7\" data-parallax-offset=\"0\" data-background_image_src=\"'https:\/\/www.nativelearn.com\/online\/wp-content\/uploads\/background_04.jpg'\" class=\"bt_bb_section bt_bb_layout_boxed_1200 bt_bb_vertical_align_top btLazyLoadBackground bt_bb_background_image bt_bb_parallax bt_bb_top_spacing_large bt_bb_bottom_spacing_large\" style=\"background-image:url(&#039;https:\/\/www.nativelearn.com\/online\/wp-content\/plugins\/bold-page-builder\/img\/blank.gif&#039;);\" data-bt-override-class=\"null\"><div class=\"bt_bb_port\"><div class=\"bt_bb_cell\"><div class=\"bt_bb_cell_inner\"><div class=\"bt_bb_row  bt_bb_column_gap_0 bt_bb_shape_inherit\" style=\"; --column-gap:0px;\" data-bt-override-class=\"{}\"><div class=\"bt_bb_row_holder\" ><div  class=\"bt_bb_column col-xxl-6 col-xl-6 bt_bb_vertical_align_top bt_bb_align_left bt_bb_padding_normal bt_bb_animation_fade_in animate bt_bb_shape_inherit\" style=\"; --column-width:6;\" data-width=\"6\" data-bt-override-class=\"{}\"><div class=\"bt_bb_column_content\"><div class=\"bt_bb_column_content_inner\"><div class=\"bt_bb_separator bt_bb_border_style_none bt_bb_top_spacing_large\" data-bt-override-class=\"null\"><\/div><header class=\"bt_bb_headline bt_bb_color_scheme_5 bt_bb_dash_top_bottom bt_bb_superheadline bt_bb_size_large bt_bb_align_inherit bt_bb_dash_color_scheme_4\" style=\"; --primary-color:#191919; --secondary-color:#ff1f1f;\" data-bt-override-class=\"{}\"><h1 class=\"bt_bb_headline_tag\"><span class=\"bt_bb_headline_superheadline\">EL LIDER EN PROFESORES NATIVOS<\/span><span class=\"bt_bb_headline_content\"><span>La mejor forma de aprender ingl\u00e9s<\/span><\/span><\/h1><\/header><\/div><\/div><\/div><div  class=\"bt_bb_column col-xxl-6 col-xl-6 bt_bb_vertical_align_top bt_bb_align_left bt_bb_padding_normal bt_bb_shape_inherit\" style=\"; --column-width:6;\" data-width=\"6\" data-bt-override-class=\"{}\"><div class=\"bt_bb_column_content\"><div class=\"bt_bb_column_content_inner\"><\/div><\/div><\/div><\/div><\/div><\/div><\/div><\/div><\/section><section id=\"bt_bb_section69fca7e723a19\"  class=\"bt_bb_section bt_bb_layout_boxed_1200 bt_bb_vertical_align_top bt_bb_top_spacing_large bt_bb_bottom_spacing_medium\"  data-bt-override-class=\"null\"><div class=\"bt_bb_port\"><div class=\"bt_bb_cell\"><div class=\"bt_bb_cell_inner\"><div class=\"bt_bb_row \"  data-bt-override-class=\"{}\"><div class=\"bt_bb_row_holder\" ><div  class=\"bt_bb_column col-xxl-4 col-xl-4 bt_bb_vertical_align_top bt_bb_align_left bt_bb_padding_normal bt_bb_animation_fade_in animate bt_bb_shape_inherit\" style=\"; --column-width:4;\" data-width=\"4\" data-bt-override-class=\"{}\"><div class=\"bt_bb_column_content\"><div class=\"bt_bb_column_content_inner\"><div class=\"bt_bb_service bt_bb_color_scheme_3 bt_bb_style_borderless bt_bb_shape_circle bt_bb_size_xlarge bt_bb_shape_circle bt_bb_align_inherit\" style=\"; --service-primary-color:#ff1f1f; --service-secondary-color:#191919;\" data-bt-override-class=\"null\"><span  data-ico-music=\"&#xe90c;\" class=\"bt_bb_icon_holder\"><\/span><div class=\"bt_bb_service_content\"><div class=\"bt_bb_service_content_title\">PROFESORADO NATIVO<\/div><div class=\"bt_bb_service_content_text\">Profesores nativos de habla inglesa de distintas nacionalidades: brit\u00e1nicos, irlandeses, norteamericanos, canadienses, australianos...<\/div><\/div><\/div><div class=\"bt_bb_separator bt_bb_border_style_none bt_bb_bottom_spacing_medium\" data-bt-override-class=\"null\"><\/div><\/div><\/div><\/div><div  class=\"bt_bb_column col-xxl-4 col-xl-4 bt_bb_vertical_align_top bt_bb_align_left bt_bb_padding_normal bt_bb_animation_fade_in animate bt_bb_shape_inherit\" style=\"; --column-width:4;\" data-width=\"4\" data-bt-override-class=\"{}\"><div class=\"bt_bb_column_content\"><div class=\"bt_bb_column_content_inner\"><div class=\"bt_bb_service bt_bb_color_scheme_3 bt_bb_style_borderless bt_bb_shape_circle bt_bb_size_xlarge bt_bb_shape_circle bt_bb_align_inherit\" style=\"; --service-primary-color:#ff1f1f; --service-secondary-color:#191919;\" data-bt-override-class=\"null\"><span  data-ico-artistic=\"&#xf11f;\" class=\"bt_bb_icon_holder\"><\/span><div class=\"bt_bb_service_content\"><div class=\"bt_bb_service_content_title\">METODOLOG\u00cdA EFICAZ<\/div><div class=\"bt_bb_service_content_text\">Utilizamos el m\u00e9todo inmersivo: aprendizaje l\u00fadico con material propio enfocado en hablar y entender de manera natural<\/div><\/div><\/div><div class=\"bt_bb_separator bt_bb_border_style_none bt_bb_bottom_spacing_medium\" data-bt-override-class=\"null\"><\/div><\/div><\/div><\/div><div  class=\"bt_bb_column col-xxl-4 col-xl-4 bt_bb_vertical_align_top bt_bb_align_left bt_bb_padding_normal bt_bb_animation_fade_in animate bt_bb_shape_inherit\" style=\"; --column-width:4;\" data-width=\"4\" data-bt-override-class=\"{}\"><div class=\"bt_bb_column_content\"><div class=\"bt_bb_column_content_inner\"><div class=\"bt_bb_service bt_bb_color_scheme_3 bt_bb_style_borderless bt_bb_shape_circle bt_bb_size_xlarge bt_bb_shape_circle bt_bb_align_inherit\" style=\"; --service-primary-color:#ff1f1f; --service-secondary-color:#191919;\" data-bt-override-class=\"null\"><span  data-ico-artistic=\"&#xf12d;\" class=\"bt_bb_icon_holder\"><\/span><div class=\"bt_bb_service_content\"><div class=\"bt_bb_service_content_title\">MATERIAL EFICAZ<\/div><div class=\"bt_bb_service_content_text\">Utilizamos materiales propios para cada nivel y edad, as\u00ed como los mejores materiales digitales y en papel de reconocidas editoriales.<\/div><\/div><\/div><div class=\"bt_bb_separator bt_bb_border_style_none bt_bb_bottom_spacing_medium\" data-bt-override-class=\"null\"><\/div><\/div><\/div><\/div><\/div><\/div><div class=\"bt_bb_row \"  data-bt-override-class=\"{}\"><div class=\"bt_bb_row_holder\" ><div  class=\"bt_bb_column col-xxl-4 col-xl-4 bt_bb_vertical_align_top bt_bb_align_left bt_bb_padding_normal bt_bb_animation_fade_in animate bt_bb_shape_inherit\" style=\"; --column-width:4;\" data-width=\"4\" data-bt-override-class=\"{}\"><div class=\"bt_bb_column_content\"><div class=\"bt_bb_column_content_inner\"><div class=\"bt_bb_service bt_bb_color_scheme_3 bt_bb_style_borderless bt_bb_shape_circle bt_bb_size_xlarge bt_bb_shape_circle bt_bb_align_inherit\" style=\"; --service-primary-color:#ff1f1f; --service-secondary-color:#191919;\" data-bt-override-class=\"null\"><span  data-ico-artistic=\"&#xf118;\" class=\"bt_bb_icon_holder\"><\/span><div class=\"bt_bb_service_content\"><div class=\"bt_bb_service_content_title\">CLASES ONLINE<\/div><div class=\"bt_bb_service_content_text\">Las clases online permiten ahorrar tiempo de desplazamiento del alumno. Las herramientas online nos permite crear clases interactivas, eficientes y seguras para los alumnos.<\/div><\/div><\/div><div class=\"bt_bb_separator bt_bb_border_style_none bt_bb_bottom_spacing_medium\" data-bt-override-class=\"null\"><\/div><\/div><\/div><\/div><div  class=\"bt_bb_column col-xxl-4 col-xl-4 bt_bb_vertical_align_top bt_bb_align_left bt_bb_padding_normal bt_bb_animation_fade_in animate bt_bb_shape_inherit\" style=\"; --column-width:4;\" data-width=\"4\" data-bt-override-class=\"{}\"><div class=\"bt_bb_column_content\"><div class=\"bt_bb_column_content_inner\"><div class=\"bt_bb_service bt_bb_color_scheme_3 bt_bb_style_borderless bt_bb_shape_circle bt_bb_size_xlarge bt_bb_shape_circle bt_bb_align_inherit\" style=\"; --service-primary-color:#ff1f1f; --service-secondary-color:#191919;\" data-bt-override-class=\"null\"><span  data-ico-artistic=\"&#xf100;\" class=\"bt_bb_icon_holder\"><\/span><div class=\"bt_bb_service_content\"><div class=\"bt_bb_service_content_title\">VARIEDAD DE CURSOS<\/div><div class=\"bt_bb_service_content_text\">Disponemos de una amplia variedad de tipos de cursos: generales, especializados en preparaci\u00f3n de ex\u00e1menes o en Speaking... y con flexibilidad de horarios<\/div><\/div><\/div><div class=\"bt_bb_separator bt_bb_border_style_none bt_bb_bottom_spacing_medium\" data-bt-override-class=\"null\"><\/div><\/div><\/div><\/div><div  class=\"bt_bb_column col-xxl-4 col-xl-4 bt_bb_vertical_align_top bt_bb_align_left bt_bb_padding_normal bt_bb_animation_fade_in animate bt_bb_shape_inherit\" style=\"; --column-width:4;\" data-width=\"4\" data-bt-override-class=\"{}\"><div class=\"bt_bb_column_content\"><div class=\"bt_bb_column_content_inner\"><div class=\"bt_bb_service bt_bb_color_scheme_3 bt_bb_style_borderless bt_bb_shape_circle bt_bb_size_xlarge bt_bb_shape_circle bt_bb_align_inherit\" style=\"; --service-primary-color:#ff1f1f; --service-secondary-color:#191919;\" data-bt-override-class=\"null\"><span  data-ico-artistic=\"&#xf108;\" class=\"bt_bb_icon_holder\"><\/span><div class=\"bt_bb_service_content\"><div class=\"bt_bb_service_content_title\">LIDER EN CLASES DE INGL\u00c9S<\/div><div class=\"bt_bb_service_content_text\">Llevamos m\u00e1s de 8 a\u00f1os liderando las clases de ingl\u00e9s con profesorado nativo. Ap\u00fantate a clases con el l\u00edder<\/div><\/div><\/div><div class=\"bt_bb_separator bt_bb_border_style_none bt_bb_bottom_spacing_medium\" data-bt-override-class=\"null\"><\/div><\/div><\/div><\/div><\/div><\/div><\/div><\/div><\/div><\/section><section id=\"bt_bb_section69fca7e72441c\"  class=\"bt_bb_section bt_bb_color_scheme_11 bt_bb_layout_boxed_1200 bt_bb_vertical_align_top bt_bb_top_spacing_large bt_bb_bottom_spacing_medium\" style=\"; --section-primary-color:#191919; --section-secondary-color:#f2edeb;\" data-bt-override-class=\"null\"><div class=\"bt_bb_port\"><div class=\"bt_bb_cell\"><div class=\"bt_bb_cell_inner\"><div class=\"bt_bb_row  bt_bb_column_gap_30 bt_bb_shape_inherit\" style=\"; --column-gap:30px;\" data-bt-override-class=\"{}\"><div class=\"bt_bb_row_holder\" ><div  class=\"bt_bb_column col-xxl-4 col-xl-4 bt_bb_vertical_align_top bt_bb_align_center bt_bb_padding_normal bt_bb_shape_soft-rounded\" style=\"; --column-width:4;\" data-width=\"4\" data-bt-override-class=\"{}\"><div class=\"bt_bb_column_content\"><div class=\"bt_bb_column_content_inner\"><div class=\"bt_bb_card bt_bb_title_size_small bt_bb_dash_hide bt_bb_shape_soft-rounded\"><div class=\"bt_bb_card_image\"><div class=\"bt_bb_image\" data-bt-override-class=\"null\"><span><img decoding=\"async\" src=\"https:\/\/www.nativelearn.com\/online\/wp-content\/uploads\/joseluis-1.jpg\" title=\"joseluis\" alt=\"https:\/\/www.nativelearn.com\/online\/wp-content\/uploads\/joseluis-1.jpg\"><\/span><\/div><\/div><div class=\"bt_bb_card_content\"><div class=\"bt_bb_card_content_inner\"><div class=\"bt_bb_card_supertitle\">DIRECTOR GENERAL<\/div><h3 class=\"bt_bb_card_title\">Jose Luis Saavedra<\/h3><div class=\"bt_bb_card_text\">Emprendedor con m\u00e1s de 25 a\u00f1os de experiencia en el mundo educativo<\/div><span class=\"bt_bb_card_button_text\"><\/span><\/div><\/div><\/div><div class=\"bt_bb_separator bt_bb_border_style_none bt_bb_bottom_spacing_medium\" data-bt-override-class=\"null\"><\/div><\/div><\/div><\/div><div  class=\"bt_bb_column col-xxl-4 col-xl-4 bt_bb_vertical_align_top bt_bb_align_center bt_bb_padding_normal bt_bb_shape_soft-rounded\" style=\"; --column-width:4;\" data-width=\"4\" data-bt-override-class=\"{}\"><div class=\"bt_bb_column_content\"><div class=\"bt_bb_column_content_inner\"><div class=\"bt_bb_card bt_bb_title_size_small bt_bb_dash_hide bt_bb_shape_soft-rounded\"><div class=\"bt_bb_card_image\"><div class=\"bt_bb_image\" data-bt-override-class=\"null\"><span><img decoding=\"async\" src=\"https:\/\/www.nativelearn.com\/online\/wp-content\/uploads\/helena.jpg\" title=\"helena\" alt=\"https:\/\/www.nativelearn.com\/online\/wp-content\/uploads\/helena.jpg\"><\/span><\/div><\/div><div class=\"bt_bb_card_content\"><div class=\"bt_bb_card_content_inner\"><div class=\"bt_bb_card_supertitle\">DIRECCI\u00d3N ACAD\u00c9MICA<\/div><h3 class=\"bt_bb_card_title\">Helen Rivas<\/h3><div class=\"bt_bb_card_text\">M\u00e1s de 10 a\u00f1os de experiencia como directora acad\u00e9mica. Nacionalidad: US<\/div><span class=\"bt_bb_card_button_text\"><\/span><\/div><\/div><\/div><div class=\"bt_bb_separator bt_bb_border_style_none bt_bb_bottom_spacing_medium\" data-bt-override-class=\"null\"><\/div><\/div><\/div><\/div><div  class=\"bt_bb_column col-xxl-4 col-xl-4 bt_bb_vertical_align_top bt_bb_align_center bt_bb_padding_normal bt_bb_shape_soft-rounded\" style=\"; --column-width:4;\" data-width=\"4\" data-bt-override-class=\"{}\"><div class=\"bt_bb_column_content\"><div class=\"bt_bb_column_content_inner\"><div class=\"bt_bb_card bt_bb_title_size_small bt_bb_dash_hide bt_bb_shape_soft-rounded\"><div class=\"bt_bb_card_image\"><div class=\"bt_bb_image\" data-bt-override-class=\"null\"><span><img decoding=\"async\" src=\"https:\/\/www.nativelearn.com\/online\/wp-content\/uploads\/team_03.jpg\" title=\"team_03\" alt=\"\t\t\t\t\t\t\"><\/span><\/div><\/div><div class=\"bt_bb_card_content\"><div class=\"bt_bb_card_content_inner\"><div class=\"bt_bb_card_supertitle\">ENGLISH TEACHER<\/div><h3 class=\"bt_bb_card_title\">Rob Smith<\/h3><div class=\"bt_bb_card_text\">Profesor de ingl\u00e9s con amplia experiencia ense\u00f1ando a ni\u00f1os. Nacionalidad: Brit\u00e1nica<\/div><span class=\"bt_bb_card_button_text\"><\/span><\/div><\/div><\/div><div class=\"bt_bb_separator bt_bb_border_style_none bt_bb_bottom_spacing_medium\" data-bt-override-class=\"null\"><\/div><\/div><\/div><\/div><\/div><\/div><\/div><\/div><\/div><\/section><section id=\"bt_bb_section69fca7e72542f\"  class=\"bt_bb_section bt_bb_color_scheme_6 bt_bb_layout_boxed_1200 bt_bb_vertical_align_top bt_bb_top_spacing_50 bt_bb_bottom_spacing_50\" style=\"; --section-primary-color:#ffffff; --section-secondary-color:#ff1f1f;\" data-bt-override-class=\"null\"><div class=\"bt_bb_port\"><div class=\"bt_bb_cell\"><div class=\"bt_bb_cell_inner\"><div class=\"bt_bb_row  bt_bb_column_gap_0 bt_bb_hidden_xs bt_bb_hidden_ms\" style=\"; --column-gap:0px;\" data-bt-override-class=\"{}\"><div class=\"bt_bb_row_holder\" ><div  class=\"bt_bb_column col-xxl-9 col-xl-9 bt_bb_vertical_align_middle bt_bb_align_left bt_bb_padding_normal bt_bb_animation_fade_in animate\" style=\"; --column-width:9;\" data-width=\"9\" data-bt-override-class=\"{}\"><div class=\"bt_bb_column_content\"><div class=\"bt_bb_column_content_inner\"><header class=\"bt_bb_headline bt_bb_dash_none bt_bb_size_normal bt_bb_align_inherit\" data-bt-override-class=\"{}\"><h4 class=\"bt_bb_headline_tag\"><span class=\"bt_bb_headline_content\"><span>Conoce nuestros cursos<\/span><\/span><\/h4><\/header><\/div><\/div><\/div><div  class=\"bt_bb_column col-xxl-3 col-xl-3 bt_bb_vertical_align_middle bt_bb_align_right bt_bb_padding_normal bt_bb_animation_fade_in animate\" style=\"; --column-width:3;\" data-width=\"3\" data-bt-override-class=\"{}\"><div class=\"bt_bb_column_content\"><div class=\"bt_bb_column_content_inner\"><div class=\"bt_bb_button bt_bb_color_scheme_6 bt_bb_icon_position_left bt_bb_style_outline bt_bb_size_large bt_bb_width_inline bt_bb_shape_inherit bt_bb_target_self bt_bb_align_inherit\" style=\"; --primary-color:#ffffff; --secondary-color:#ff1f1f;\" data-bt-override-class=\"{}\"><a href=\"https:\/\/www.nativelearn.com\/online\/cursos\/\" target=\"_self\" class=\"bt_bb_link\" title=\"CURSOS ONLINE\"><span class=\"bt_bb_button_text\" >CURSOS ONLINE<\/span><\/a><\/div><\/div><\/div><\/div><\/div><\/div><div class=\"bt_bb_row  bt_bb_column_gap_0 bt_bb_hidden_sm bt_bb_hidden_md bt_bb_hidden_lg\" style=\"; --column-gap:0px;\" data-bt-override-class=\"{}\"><div class=\"bt_bb_row_holder\" ><div  class=\"bt_bb_column col-xxl-12 col-xl-12 bt_bb_vertical_align_middle bt_bb_align_center bt_bb_padding_normal bt_bb_animation_fade_in animate\" style=\"; --column-width:12;\" data-width=\"12\" data-bt-override-class=\"{}\"><div class=\"bt_bb_column_content\"><div class=\"bt_bb_column_content_inner\"><header class=\"bt_bb_headline bt_bb_dash_none bt_bb_size_normal bt_bb_align_inherit\" data-bt-override-class=\"{}\"><h4 class=\"bt_bb_headline_tag\"><span class=\"bt_bb_headline_content\"><span>Conoce nuestros cursos<\/span><\/span><\/h4><\/header><div class=\"bt_bb_separator bt_bb_border_style_none bt_bb_bottom_spacing_normal\" data-bt-override-class=\"null\"><\/div><div class=\"bt_bb_button bt_bb_color_scheme_6 bt_bb_icon_position_left bt_bb_style_outline bt_bb_size_large bt_bb_width_inline bt_bb_shape_inherit bt_bb_target_self bt_bb_align_inherit\" style=\"; --primary-color:#ffffff; --secondary-color:#ff1f1f;\" data-bt-override-class=\"{}\"><a href=\"https:\/\/www.nativelearn.com\/online\/cursos\/\" target=\"_self\" class=\"bt_bb_link\" title=\"CURSOS ONLINE\"><span class=\"bt_bb_button_text\" >CURSOS ONLINE<\/span><\/a><\/div><\/div><\/div><\/div><\/div><\/div><\/div><\/div><\/div><\/section><\/p>\n","protected":false},"excerpt":{"rendered":"","protected":false},"author":1,"featured_media":0,"parent":0,"menu_order":0,"comment_status":"closed","ping_status":"closed","template":"","meta":{"footnotes":""},"class_list":["post-3398","page","type-page","status-publish","hentry"],"_links":{"self":[{"href":"https:\/\/www.nativelearn.com\/online\/wp-json\/wp\/v2\/pages\/3398","targetHints":{"allow":["GET"]}}],"collection":[{"href":"https:\/\/www.nativelearn.com\/online\/wp-json\/wp\/v2\/pages"}],"about":[{"href":"https:\/\/www.nativelearn.com\/online\/wp-json\/wp\/v2\/types\/page"}],"author":[{"embeddable":true,"href":"https:\/\/www.nativelearn.com\/online\/wp-json\/wp\/v2\/users\/1"}],"replies":[{"embeddable":true,"href":"https:\/\/www.nativelearn.com\/online\/wp-json\/wp\/v2\/comments?post=3398"}],"version-history":[{"count":13,"href":"https:\/\/www.nativelearn.com\/online\/wp-json\/wp\/v2\/pages\/3398\/revisions"}],"predecessor-version":[{"id":3457,"href":"https:\/\/www.nativelearn.com\/online\/wp-json\/wp\/v2\/pages\/3398\/revisions\/3457"}],"wp:attachment":[{"href":"https:\/\/www.nativelearn.com\/online\/wp-json\/wp\/v2\/media?parent=3398"}],"curies":[{"name":"wp","href":"https:\/\/api.w.org\/{rel}","templated":true}]}}